{"id":879,"date":"2022-03-08T17:55:01","date_gmt":"2022-03-08T16:55:01","guid":{"rendered":"https:\/\/interceptproject.eu\/partner\/"},"modified":"2022-06-29T11:49:35","modified_gmt":"2022-06-29T09:49:35","slug":"partner","status":"publish","type":"page","link":"https:\/\/interceptproject.eu\/it\/partner\/","title":{"rendered":"Partner"},"content":{"rendered":"\n<h2>\n\t\tPartner\n\t<\/h2>\n\t<p><strong>Vi presentiamo il gruppo di lavoro del progetto INTERCEPT.<\/strong><\/p>\n\t<p><strong>Malta, Italia, Lituania, Slovacchia, Polonia e Lussemburgo sono i 6 Paesi europei di origine delle 9 organizzazioni che collaborano al progetto INTERCEPT.<\/strong><\/p>\n<ul>\n<li>Jobsplus Malta \u00e8 il capofila e si occupa del coordinamento dell&#8217;intero progetto;<\/li>\n<li>Visionary Analytics in Lituania, CASE &#8211; Centro di ricerca Sociale ed Economica in Polonia e l&#8217;Istituto di Ricerca Economica &#8211; Accademia slovacca delle Scienze si occupano degli aspetti di ricerca di INTERCEPT;<\/li>\n<li>Regione Toscana, Anci Toscana e la Fondazione Polo Universitario Grossetano in Italia si concentrano sulla comunicazione, la divulgazione e lo sviluppo del percorso formativo per i giovani;<\/li>\n<li>Anci Toscana, Jobsplus e il Servizio Pubblico per l&#8217;Impiego lituano gestiscono il progetto pilota di formazione e stage retribuito per lo sviluppo di figure professionali green, coinvolgendo 300 giovani in 3 Paesi (Lituania, Italia e Malta);<\/li>\n<li>In qualit\u00e0 di partner esperto, ADEM, l&#8217;Agenzia Nazionale per l&#8217;Impiego del Lussemburgo, condivide le conoscenze sull&#8217;orientamento dei giovani e i meccanismi del mercato del lavoro green.<\/li>\n<\/ul>\n\t\t\t\t<img decoding=\"async\" loading=\"lazy\" src=\"https:\/\/interceptproject.eu\/wp-content\/uploads\/2022\/03\/priscilla-du-preez-cIfLUEZYLVg-unsplash-1024x683.jpg\" alt=\"priscilla-du-preez-cIfLUEZYLVg-unsplash\" itemprop=\"image\" height=\"683\" width=\"1024\" title=\"priscilla-du-preez-cIfLUEZYLVg-unsplash\" onerror=\"this.style.display='none'\"  \/>\n\t\t\t\t<a href=\"https:\/\/jobsplus.gov.mt\/\" target=\"_blank\" rel=\"noopener\" itemprop=\"url\">\n\t\t\t\t<img decoding=\"async\" loading=\"lazy\" src=\"https:\/\/interceptproject.eu\/wp-content\/uploads\/2022\/04\/jobplus_logo_2.png\" alt=\"jobplus_logo_2\" itemprop=\"image\" height=\"250\" width=\"400\" title=\"jobplus_logo_2\" onerror=\"this.style.display='none'\"  \/>\n\t\t\t\t<\/a>\n<h3><a href=\"https:\/\/jobsplus.gov.mt\/\" target=\"_blank\" rel=\"noopener\">Jobs Plus<\/a><\/h3>\t\t\n\t\t\t<p>A seguito di una fase di grande rinnovamento, Jobsplus \u00e8 nato per soddisfare le esigenze e alimentare il successo del settore dell&#8217;occupazione e della formazione a Malta.<\/p>\n<a href=\"https:\/\/jobsplus.gov.mt\/\" rel=\"noopener\" target=\"_blank\">Scopri di pi\u00f9<\/a>\t\t\n\t\t\t\t<a href=\"http:\/\/www.ekonom.sav.sk\/\" target=\"_blank\" rel=\"noopener\" itemprop=\"url\">\n\t\t\t\t<img decoding=\"async\" loading=\"lazy\" src=\"https:\/\/interceptproject.eu\/wp-content\/uploads\/2022\/03\/logo_lrg3.png.png\" alt=\"logo_lrg3.png\" itemprop=\"image\" height=\"250\" width=\"400\" title=\"logo_lrg3.png\" onerror=\"this.style.display='none'\"  \/>\n\t\t\t\t<\/a>\n<h3><a href=\"http:\/\/www.ekonom.sav.sk\/\" target=\"_blank\" rel=\"noopener\">Ekonomicky ustav SAV<\/a><\/h3>\t\t\n\t\t\t<p>L&#8217;Istituto di Ricerca Economica dell&#8217;Accademia Slovacca delle Scienze ha concentrato le sue attivit\u00e0 di ricerca nel campo della globalizzazione e dei processi di adattamento nel contesto europeo dal 1953.<\/p>\n<a href=\"http:\/\/www.ekonom.sav.sk\/\" rel=\"noopener\" target=\"_blank\">Scopri di pi\u00f9<\/a>\t\t\n\t\t\t\t<a href=\"https:\/\/uzt.lt\/en\" target=\"_blank\" rel=\"noopener\" itemprop=\"url\">\n\t\t\t\t<img decoding=\"async\" loading=\"lazy\" src=\"https:\/\/interceptproject.eu\/wp-content\/uploads\/2022\/03\/white-logo.png.png\" alt=\"white-logo.png\" itemprop=\"image\" height=\"250\" width=\"400\" title=\"white-logo.png\" onerror=\"this.style.display='none'\"  \/>\n\t\t\t\t<\/a>\n<h3><a href=\"https:\/\/uzt.lt\/en\" target=\"_blank\" rel=\"noopener\">Employment Service<\/a><\/h3>\t\t\n\t\t\t<p>Il Servizio pubblico per l&#8217;impiego Lituano \u00e8 un&#8217;agenzia governativa organizzata sotto il Ministero della sicurezza sociale e del lavoro, responsabile principalmente del servizio pubblico per l&#8217;impiego e dell&#8217;attuazione delle politiche del mercato del lavoro.<\/p>\n<a href=\"https:\/\/uzt.lt\/en\" rel=\"noopener\" target=\"_blank\">Scopri di pi\u00f9<\/a>\t\t\n\t\t\t\t<a href=\"https:\/\/ancitoscana.it\/\" target=\"_blank\" rel=\"noopener\" itemprop=\"url\">\n\t\t\t\t<img decoding=\"async\" loading=\"lazy\" src=\"https:\/\/interceptproject.eu\/wp-content\/uploads\/2022\/03\/yGn45J_e_400x400.jpg.png\" alt=\"yGn45J_e_400x400.jpg\" itemprop=\"image\" height=\"250\" width=\"400\" title=\"yGn45J_e_400x400.jpg\" onerror=\"this.style.display='none'\"  \/>\n\t\t\t\t<\/a>\n<h3><a href=\"https:\/\/ancitoscana.it\/\" target=\"_blank\" rel=\"noopener\">Anci Toscana<\/a><\/h3>\t\t\n\t\t\t<p>Anci Toscana \u00e8 un&#8217;associazione regionale il cui scopo \u00e8 valorizzare e consolidare l&#8217;autonomia istituzionale, normativa, finanziaria e organizzativa dei Comuni toscani. Supporta i Comuni ad attivare e gestire reti di collaborazione in ogni settore. <\/p>\n<a href=\"https:\/\/ancitoscana.it\/\" rel=\"noopener\" target=\"_blank\">Scopri di pi\u00f9<\/a>\t\t\n\t\t\t\t<a href=\"https:\/\/www.regione.toscana.it\/\" target=\"_blank\" rel=\"noopener\" itemprop=\"url\">\n\t\t\t\t<img decoding=\"async\" loading=\"lazy\" src=\"https:\/\/interceptproject.eu\/wp-content\/uploads\/2022\/03\/layout_set_logo-2.png.png\" alt=\"layout_set_logo-2.png\" itemprop=\"image\" height=\"250\" width=\"400\" title=\"layout_set_logo-2.png\" onerror=\"this.style.display='none'\"  \/>\n\t\t\t\t<\/a>\n<h3><a href=\"https:\/\/www.regione.toscana.it\/\" target=\"_blank\" rel=\"noopener\">Regione Toscana<\/a><\/h3>\t\t\n\t\t\t<p>La Regione Toscana \u00e8 l&#8217;ente regionale che amministra il territorio della Toscana e che ha funzioni e poteri propri ai sensi dei principi dettati dalla Costituzione italiana.<\/p>\n<a href=\"https:\/\/www.regione.toscana.it\/\" rel=\"noopener\" target=\"_blank\">Scopri di pi\u00f9<\/a>\t\t\n\t\t\t\t<a href=\"https:\/\/polouniversitariogrosseto.it\/\" target=\"_blank\" rel=\"noopener\" itemprop=\"url\">\n\t\t\t\t<img decoding=\"async\" loading=\"lazy\" src=\"https:\/\/interceptproject.eu\/wp-content\/uploads\/2022\/03\/Polo-universitario-grossetano-logo.png.png\" alt=\"Polo-universitario-grossetano-logo.png\" itemprop=\"image\" height=\"250\" width=\"400\" title=\"Polo-universitario-grossetano-logo.png\" onerror=\"this.style.display='none'\"  \/>\n\t\t\t\t<\/a>\n<h3><a href=\"https:\/\/polouniversitariogrosseto.it\/\" target=\"_blank\" rel=\"noopener\">Fondazione Polo Universitario Grossetano<\/a><\/h3>\t\t\n\t\t\t<p>IlPolo Universitario Grossetano, sin dalla sua fondazione nel 1998, \u00e8 stato sostenuto dalle principali istituzioni pubbliche locali, dalle associazioni di categoria pi\u00f9 rappresentative e da una vasta gamma di associazioni e privati.<\/p>\n<a href=\"https:\/\/polouniversitariogrosseto.it\/\" rel=\"noopener\" target=\"_blank\">Scopri di pi\u00f9<\/a>\t\t\n\t\t\t\t<a href=\"https:\/\/www.visionary.lt\/\" target=\"_blank\" rel=\"noopener\" itemprop=\"url\">\n\t\t\t\t<img decoding=\"async\" loading=\"lazy\" src=\"https:\/\/interceptproject.eu\/wp-content\/uploads\/2022\/03\/logo-1.svg-1.png\" alt=\"logo (1).svg\" itemprop=\"image\" height=\"250\" width=\"400\" title=\"logo (1).svg\" onerror=\"this.style.display='none'\"  \/>\n\t\t\t\t<\/a>\n<h3><a href=\"https:\/\/www.visionary.lt\/\" target=\"_blank\" rel=\"noopener\">Visionary Analytics<\/a><\/h3>\t\t\n\t\t\t<p>Visionary Analytics \u00e8 una societ\u00e0 di consulenza che offre servizi nel campo della ricerca e della valutazione per le istituzioni dell&#8217;Unione Europea, le organizzazioni internazionali e i governi nazionali.<\/p>\n<a href=\"https:\/\/www.visionary.lt\/\" rel=\"noopener\" target=\"_blank\">Scopri di pi\u00f9<\/a>\t\t\n\t\t\t\t<a href=\"http:\/\/case-research.eu\/en\" target=\"_blank\" rel=\"noopener\" itemprop=\"url\">\n\t\t\t\t<img decoding=\"async\" loading=\"lazy\" src=\"https:\/\/interceptproject.eu\/wp-content\/uploads\/2022\/06\/case_logotyp-2.jpg\" alt=\"case_logotyp-2\" itemprop=\"image\" height=\"250\" width=\"400\" title=\"case_logotyp-2\" onerror=\"this.style.display='none'\"  \/>\n\t\t\t\t<\/a>\n<h3><a href=\"http:\/\/case-research.eu\/en\" target=\"_blank\" rel=\"noopener\">CASE<\/a><\/h3>\t\t\n\t\t\t<p>Il Centro per la Ricerca Sociale ed Economica \u00e8 un istituto indipendente e senza scopo di lucro fondato sull&#8217;idea che l&#8217;elaborazione di politiche basate sulla ricerca sia vitale per il benessere economico delle societ\u00e0. Fondato a Varsavia nel 1991, CASE oggi \u00e8 riconosciuto come il principale think tank dell&#8217;Europa centrale e orientale ed \u00e8 uno dei pi\u00f9 apprezzati a livello internazionale.<\/p>\n<a href=\"http:\/\/case-research.eu\/en\" rel=\"noopener\" target=\"_blank\">Scopri di pi\u00f9<\/a>\t\t\n\t\t\t\t<a href=\"https:\/\/adem.public.lu\/en.html\" target=\"_blank\" rel=\"noopener\" itemprop=\"url\">\n\t\t\t\t<img decoding=\"async\" loading=\"lazy\" src=\"https:\/\/interceptproject.eu\/wp-content\/uploads\/2022\/03\/20190418_adem-logo-600-450.jpg.png\" alt=\"20190418_adem-logo-600-450.jpg\" itemprop=\"image\" height=\"250\" width=\"400\" title=\"20190418_adem-logo-600-450.jpg\" onerror=\"this.style.display='none'\"  \/>\n\t\t\t\t<\/a>\n<h3><a href=\"https:\/\/adem.public.lu\/en.html\" target=\"_blank\" rel=\"noopener\">Adem<\/a><\/h3>\t\t\n\t\t\t<p>L&#8217;ADEM, l&#8217;agenzia nazionale per l&#8217;impiego, \u00e8 il primo punto di contatto per persone in cerca di lavoro e datori di lavoro in Lussemburgo. Posto sotto l&#8217;autorit\u00e0 del Ministero del Lavoro, del Lavoro e dell&#8217;Economia Sociale e Solidale, il ruolo primario dell&#8217;ADEM \u00e8 quello di soddisfare le offerte e le domande del mercato del lavoro. <\/p>\n<a href=\"https:\/\/adem.public.lu\/en.html\" rel=\"noopener\" target=\"_blank\">Scopri di pi\u00f9<\/a>\t\t\n\n","protected":false},"excerpt":{"rendered":"<p>Partner Vi presentiamo il gruppo di lavoro del progetto INTERCEPT. Malta, Italia, Lituania, Slovacchia, Polonia e Lussemburgo sono i 6 Paesi europei di origine delle 9 organizzazioni che collaborano al progetto INTERCEPT. Jobsplus Malta \u00e8 il capofila e si occupa del coordinamento dell&#8217;intero progetto; Visionary Analytics in Lituania, CASE &#8211; Centro di ricerca Sociale ed [&hellip;]<\/p>\n","protected":false},"author":1,"featured_media":0,"parent":0,"menu_order":2,"comment_status":"closed","ping_status":"closed","template":"","meta":[],"_links":{"self":[{"href":"https:\/\/interceptproject.eu\/it\/wp-json\/wp\/v2\/pages\/879"}],"collection":[{"href":"https:\/\/interceptproject.eu\/it\/wp-json\/wp\/v2\/pages"}],"about":[{"href":"https:\/\/interceptproject.eu\/it\/wp-json\/wp\/v2\/types\/page"}],"author":[{"embeddable":true,"href":"https:\/\/interceptproject.eu\/it\/wp-json\/wp\/v2\/users\/1"}],"replies":[{"embeddable":true,"href":"https:\/\/interceptproject.eu\/it\/wp-json\/wp\/v2\/comments?post=879"}],"version-history":[{"count":3,"href":"https:\/\/interceptproject.eu\/it\/wp-json\/wp\/v2\/pages\/879\/revisions"}],"predecessor-version":[{"id":962,"href":"https:\/\/interceptproject.eu\/it\/wp-json\/wp\/v2\/pages\/879\/revisions\/962"}],"wp:attachment":[{"href":"https:\/\/interceptproject.eu\/it\/wp-json\/wp\/v2\/media?parent=879"}],"curies":[{"name":"wp","href":"https:\/\/api.w.org\/{rel}","templated":true}]}}