{"id":858,"date":"2022-03-09T14:31:14","date_gmt":"2022-03-09T13:31:14","guid":{"rendered":"https:\/\/interceptproject.eu\/intercept-project\/"},"modified":"2022-06-29T11:51:12","modified_gmt":"2022-06-29T09:51:12","slug":"intercept-project","status":"publish","type":"page","link":"https:\/\/interceptproject.eu\/lt\/","title":{"rendered":"Intercept project"},"content":{"rendered":"\n\n\t<h2>Supa\u017eindiname jaunuolius su darbo galimyb\u0117mis &#8222;\u017eali\u0105jame&#8221; sektoriuje<\/h2>\n\t<p>INTERCEPT projekto tikslas &#8211; nukreipti nesimokan\u010dio ir nedirban\u010dio 25-29 met\u0173 jaunimo potencial\u0105 \u012f &#8222;\u017eali\u0105j\u0105&#8221; ekonomik\u0105. <strong>Projekto metu bus atliktas tyrimas apie nedirbant\u012f jaunim\u0105 ir &#8222;\u017eali\u0105&#8221; versl\u0105, identifikuojant poreikius ir galimybes.<\/strong> Bus atrinkta sta\u017euot\u0117ms 300 jaunuoli\u0173, kurie nedirba ir nesimoko <strong>Italijoje, Maltoje ir Lietuvoje.<\/strong> <\/p>\n\t\t\t\t<img decoding=\"async\" loading=\"lazy\" src=\"https:\/\/interceptproject.eu\/wp-content\/uploads\/2022\/03\/lina-trochez-ktPKyUs3Qjs-unsplash-scaled.jpg\" alt=\"lina-trochez-ktPKyUs3Qjs-unsplash\" itemprop=\"image\" height=\"1709\" width=\"2560\" title=\"lina-trochez-ktPKyUs3Qjs-unsplash\" onerror=\"this.style.display='none'\"  \/>\n\t\t\t\t<img decoding=\"async\" loading=\"lazy\" src=\"https:\/\/interceptproject.eu\/wp-content\/uploads\/2022\/03\/midas-hofstra-tidSLv-UaNs-unsplash-1024x1024.jpg\" alt=\"midas-hofstra-tidSLv-UaNs-unsplash\" itemprop=\"image\" height=\"1024\" width=\"1024\" title=\"midas-hofstra-tidSLv-UaNs-unsplash\" onerror=\"this.style.display='none'\"  \/>\n\t<h2>\u012egalinkime \u017ealesn\u0119 ir tvaresn\u0119 ateit\u012f!<\/h2>\n\t<p><b>\u0160i\u0173 laik\u0173 jaunimas neabejotinai<\/b> bus paveiktas <b>globali\u0173 klimato poky\u010di\u0173<\/b>. Atsi\u017evelgiant \u012f tai, investicijos \u012f <b>&#8222;\u017eali\u0105j\u0105&#8221; ekonomik\u0105<\/b> gali pad\u0117ti u\u017etikrinti labiau teising\u0105 ir <b>nepriklausom\u0105 ateit\u012f<\/b>, kuri pagerins \u017emoni\u0173 gyvenimo kokyb\u0119, didins aplinkos ir socialin\u0119 gerov\u0119. Parama jaunimui \u012fgyjant reikiamus \u012fg\u016bd\u017eius ir darbo patirt\u012f, kad gal\u0117t\u0173 \u012fsitvirtinti &#8222;\u017eali\u0105jame&#8221; sektoriuje yra investicija, turinti didel\u0119 gr\u0105\u017e\u0105 ir perspektyvi socialin\u0117s \u012ftraukties priemon\u0117. <\/p>\n\t\t\t<a href=\"https:\/\/interceptproject.eu\/lt\/projektas\/\" target=\"_self\" role=\"button\" rel=\"noopener\">\n\t\t\t\t\t\t\tProjektas\n\t\t\t\t\t<\/a>\n<h3>\n\t\tGalimyb\u0117s\n\t<\/h3>\n\t<p>Projekte atliekami darbo i<strong>e\u0161kan\u010di\u0173 jaunuoli\u0173<\/strong> ir <strong>&#8222;\u017eali\u0173j\u0173&#8221; \u012fmoni\u0173 tyrimai<\/strong>, si\u016blant <strong>jaunimui mokymus<\/strong> ir <strong>apmokamas sta\u017euotes<\/strong>, taip padidinant j\u0173 darbo galimybes &#8222;\u017eali\u0105jame&#8221; sektoriuje.<\/p>\n\t\t<h4><a href=\"https:\/\/interceptproject.eu\/lt\/galimybes-jaunimui\/\" target=\"_self\" rel=\"noopener\">\t\n\tDarbo ie\u0161kan\u010diam jaunimui<\/a><\/h4>\t\t\n\t\t\t<p><strong>Jei esi 25-29 met\u0173 jaunuolis<\/strong>, norintis kurti karjer\u0105 ir tuo pa\u010diu prisid\u0117ti prie teigiamo poveikio aplinkai, INTERCEPT si\u016blo unikali\u0105 prog\u0105.<\/p>\n<a href=\"https:\/\/interceptproject.eu\/lt\/galimybes-jaunimui\/\" target=\"_self\" rel=\"noopener\">Su\u017einokite daugiau<\/a>\t\t\n\t\t<h4><a href=\"https:\/\/interceptproject.eu\/lt\/galimybes-zalioms-imonems\/\" target=\"_self\" rel=\"noopener\">\t\n\t&#8222;\u017dalioms&#8221; \u012fmon\u0117ms<\/a><\/h4>\t\t\n\t\t\t<p>Jei esate <strong>\u201e\u017ealioji&#8221; \u012fmon\u0117<\/strong>, INTERCEPT suras, apmokys ir apmok\u0117s tinkamiausi\u0173 kandidat\u0173 praktik\u0105!<\/p>\n<a href=\"https:\/\/interceptproject.eu\/lt\/galimybes-zalioms-imonems\/\" target=\"_self\" rel=\"noopener\">Su\u017einokite daugiau<\/a>\t\t\n<h3>\n\t\tPartners\n\t<\/h3>\n                    <a href=\"https:\/\/interceptproject.eu\/lt\/projekto-partneriai\/#j-e\" target=\"_self\" rel=\"noopener\">\n\t\t\t\t\t\t\t<img decoding=\"async\" src=\"https:\/\/interceptproject.eu\/wp-content\/uploads\/2022\/04\/jobplus_logo_2-300x188.png\" alt=\"https:\/\/interceptproject.eu\/wp-content\/uploads\/2022\/04\/jobplus_logo_2-300x188.png\" data-no-lazy=\"1\" \/>\n                            <\/a>\n                    <a href=\"https:\/\/interceptproject.eu\/lt\/projekto-partneriai\/#j-e\" target=\"_self\" rel=\"noopener\">\n\t\t\t\t\t\t\t<img decoding=\"async\" src=\"https:\/\/interceptproject.eu\/wp-content\/uploads\/2022\/03\/logo_lrg3.png.png\" alt=\"https:\/\/interceptproject.eu\/wp-content\/uploads\/2022\/03\/logo_lrg3.png.png\" data-no-lazy=\"1\" \/>\n                            <\/a>\n                    <a href=\"https:\/\/interceptproject.eu\/lt\/projekto-partneriai\/#e-a\" target=\"_self\" rel=\"noopener\">\n\t\t\t\t\t\t\t<img decoding=\"async\" src=\"https:\/\/interceptproject.eu\/wp-content\/uploads\/2022\/03\/white-logo.png.png\" alt=\"https:\/\/interceptproject.eu\/wp-content\/uploads\/2022\/03\/white-logo.png.png\" data-no-lazy=\"1\" \/>\n                            <\/a>\n                    <a href=\"https:\/\/interceptproject.eu\/lt\/projekto-partneriai\/#e-a\" target=\"_self\" rel=\"noopener\">\n\t\t\t\t\t\t\t<img decoding=\"async\" src=\"https:\/\/interceptproject.eu\/wp-content\/uploads\/2022\/03\/yGn45J_e_400x400.jpg.png\" alt=\"https:\/\/interceptproject.eu\/wp-content\/uploads\/2022\/03\/yGn45J_e_400x400.jpg.png\" data-no-lazy=\"1\" \/>\n                            <\/a>\n                    <a href=\"https:\/\/interceptproject.eu\/lt\/projekto-partneriai\/#r-f\" target=\"_self\" rel=\"noopener\">\n\t\t\t\t\t\t\t<img decoding=\"async\" src=\"https:\/\/interceptproject.eu\/wp-content\/uploads\/2022\/03\/layout_set_logo-2.png.png\" alt=\"https:\/\/interceptproject.eu\/wp-content\/uploads\/2022\/03\/layout_set_logo-2.png.png\" data-no-lazy=\"1\" \/>\n                            <\/a>\n                    <a href=\"https:\/\/interceptproject.eu\/lt\/projekto-partneriai\/#r-f\" target=\"_self\" rel=\"noopener\">\n\t\t\t\t\t\t\t<img decoding=\"async\" src=\"https:\/\/interceptproject.eu\/wp-content\/uploads\/2022\/03\/Polo-universitario-grossetano-logo.png.png\" alt=\"https:\/\/interceptproject.eu\/wp-content\/uploads\/2022\/03\/Polo-universitario-grossetano-logo.png.png\" data-no-lazy=\"1\" \/>\n                            <\/a>\n                    <a href=\"https:\/\/interceptproject.eu\/lt\/projekto-partneriai\/#v-c\" target=\"_self\" rel=\"noopener\">\n\t\t\t\t\t\t\t<img decoding=\"async\" src=\"https:\/\/interceptproject.eu\/wp-content\/uploads\/2022\/03\/logo-1.svg-1.png\" alt=\"https:\/\/interceptproject.eu\/wp-content\/uploads\/2022\/03\/logo-1.svg-1.png\" data-no-lazy=\"1\" \/>\n                            <\/a>\n                    <a href=\"https:\/\/interceptproject.eu\/lt\/projekto-partneriai\/#v-c\" target=\"_self\" rel=\"noopener\">\n\t\t\t\t\t\t\t<img decoding=\"async\" src=\"https:\/\/interceptproject.eu\/wp-content\/uploads\/2022\/06\/case_logotyp-2.jpg\" alt=\"https:\/\/interceptproject.eu\/wp-content\/uploads\/2022\/06\/case_logotyp-2.jpg\" data-no-lazy=\"1\" \/>\n                            <\/a>\n                    <a href=\"https:\/\/interceptproject.eu\/lt\/projekto-partneriai\/#a\" target=\"_self\" rel=\"noopener\">\n\t\t\t\t\t\t\t<img decoding=\"async\" src=\"https:\/\/interceptproject.eu\/wp-content\/uploads\/2022\/03\/20190418_adem-logo-600-450.jpg.png\" alt=\"https:\/\/interceptproject.eu\/wp-content\/uploads\/2022\/03\/20190418_adem-logo-600-450.jpg.png\" data-no-lazy=\"1\" \/>\n                            <\/a>\n\n","protected":false},"excerpt":{"rendered":"<p>Supa\u017eindiname jaunuolius su darbo galimyb\u0117mis &#8222;\u017eali\u0105jame&#8221; sektoriuje INTERCEPT projekto tikslas &#8211; nukreipti nesimokan\u010dio ir nedirban\u010dio 25-29 met\u0173 jaunimo potencial\u0105 \u012f &#8222;\u017eali\u0105j\u0105&#8221; ekonomik\u0105. Projekto metu bus atliktas tyrimas apie nedirbant\u012f jaunim\u0105 ir &#8222;\u017eali\u0105&#8221; versl\u0105, identifikuojant poreikius ir galimybes. Bus atrinkta sta\u017euot\u0117ms 300 jaunuoli\u0173, kurie nedirba ir nesimoko Italijoje, Maltoje ir Lietuvoje. \u012egalinkime \u017ealesn\u0119 ir tvaresn\u0119 ateit\u012f! [&hellip;]<\/p>\n","protected":false},"author":1,"featured_media":0,"parent":0,"menu_order":0,"comment_status":"closed","ping_status":"closed","template":"","meta":[],"_links":{"self":[{"href":"https:\/\/interceptproject.eu\/lt\/wp-json\/wp\/v2\/pages\/858"}],"collection":[{"href":"https:\/\/interceptproject.eu\/lt\/wp-json\/wp\/v2\/pages"}],"about":[{"href":"https:\/\/interceptproject.eu\/lt\/wp-json\/wp\/v2\/types\/page"}],"author":[{"embeddable":true,"href":"https:\/\/interceptproject.eu\/lt\/wp-json\/wp\/v2\/users\/1"}],"replies":[{"embeddable":true,"href":"https:\/\/interceptproject.eu\/lt\/wp-json\/wp\/v2\/comments?post=858"}],"version-history":[{"count":4,"href":"https:\/\/interceptproject.eu\/lt\/wp-json\/wp\/v2\/pages\/858\/revisions"}],"predecessor-version":[{"id":966,"href":"https:\/\/interceptproject.eu\/lt\/wp-json\/wp\/v2\/pages\/858\/revisions\/966"}],"wp:attachment":[{"href":"https:\/\/interceptproject.eu\/lt\/wp-json\/wp\/v2\/media?parent=858"}],"curies":[{"name":"wp","href":"https:\/\/api.w.org\/{rel}","templated":true}]}}