{"id":862,"date":"2022-03-08T17:54:33","date_gmt":"2022-03-08T16:54:33","guid":{"rendered":"https:\/\/interceptproject.eu\/projektas\/"},"modified":"2022-06-22T11:06:24","modified_gmt":"2022-06-22T09:06:24","slug":"projektas","status":"publish","type":"page","link":"https:\/\/interceptproject.eu\/lt\/projektas\/","title":{"rendered":"Projektas"},"content":{"rendered":"\n<h2>\n\t\tProjektas\n\t<\/h2>\n\t<p><b>INTERCEPT tikslas yra atskleisti jaunimo potencial\u0105 &#8222;\u017eali\u0105jame&#8221; sektoriuje.<\/b><\/p>\n\t<p><strong>Projekto metu atliekami NEETS (nedirban\u010dio ir nesimokan\u010dio jaunimo) ir &#8222;\u017eali\u0173j\u0173&#8221;<\/strong> \u012fmoni\u0173 tyrimai, nustatomi \u0161ios srities poreikiai ir galimyb\u0117s. Bus atrinkta <strong>300 25-29 met\u0173 am\u017eiaus jaunuoli\u0173 Italijoje, Maltoje ir Lietuvoje.<\/strong>   <strong>Jie bus apmokomi ir siun\u010diami \u012f 3 m\u0117nesi\u0173 finansuojamas sta\u017euotes &#8222;\u017ealiuosiuose&#8221; versluose.<\/strong> Tai yra pilotinis projektas ir jo efektyvumas bus tikrinamas ir vertinamas kiekvienoje \u0161alyje. Pasibaigus projektui, vis\u0173 3 \u0161ali\u0173 projektuose surinkti duomenys bus naudojami rengiant politikos rekomendacijas Europos lygmeniu. <\/p>\n\t\t\t\t<img decoding=\"async\" loading=\"lazy\" src=\"https:\/\/interceptproject.eu\/wp-content\/uploads\/2022\/03\/adrien-king-XzBluXxBoyQ-unsplash-1229x1536.jpg\" alt=\"adrien-king-XzBluXxBoyQ-unsplash\" itemprop=\"image\" height=\"1500\" width=\"1200\" title=\"adrien-king-XzBluXxBoyQ-unsplash\" onerror=\"this.style.display='none'\"  \/>\n\t\t\t\t<img decoding=\"async\" loading=\"lazy\" src=\"https:\/\/interceptproject.eu\/wp-content\/uploads\/2022\/04\/melissa-askew-tSlvoSZK77c-unsplash-1920x1440-1-1536x1152.jpg\" alt=\"melissa-askew-tSlvoSZK77c-unsplash-1920x1440\" itemprop=\"image\" height=\"900\" width=\"1200\" title=\"melissa-askew-tSlvoSZK77c-unsplash-1920x1440\" onerror=\"this.style.display='none'\"  \/>\n\t<p><b>INTERCEPT projekto aplinkyb\u0117s<\/b><\/p>\n\t<p>\u0160i\u0173 laik\u0173 jaunimas neabejotinai bus paveiktas <strong>globali\u0173 klimato poky\u010di\u0173<\/strong>. Atsi\u017evelgiant \u012f tai, investicijos \u012f <strong>&#8222;\u017eali\u0105j\u0105&#8221; ekonomik\u0105<\/strong> gali pad\u0117ti u\u017etikrinti labiau <strong>teising\u0105 ir nepriklausom\u0105 ateit\u012f<\/strong>, kuri pagerins \u017emoni\u0173 gyvenimo kokyb\u0119, didins aplinkos ir socialin\u0119 gerov\u0119. Siekiant u\u017etikrinti, kad tokie poky\u010diai b\u016bt\u0173 tvar\u016bs, rekomendacijos atei\u010diai tur\u0117t\u0173 pasi\u016blyti sprendimus, kurie padidint\u0173 socialiai jautresni\u0173 grupi\u0173, pvz., jaunimo, kuris nedirba ar nesimoko (<strong>NEETs<\/strong>), dalyvavim\u0105. Parama jaunimui \u012fgyjant reikiamus \u012fg\u016bd\u017eius ir darbo patirt\u012f <strong>&#8222;\u017eali\u0105jame&#8221; sektoriuje<\/strong>, yra investicija, <strong>turinti didel\u0119 gr\u0105\u017e\u0105 ir perspektyvi socialin\u0117s \u012ftraukties priemon\u0117.<\/strong><\/p>\n<h3>\n\t\tKo mes<br \/>ie\u0161kome\n\t<\/h3>\n\t\t<h4><a href=\"https:\/\/interceptproject.eu\/lt\/galimybes-jaunimui\/\" target=\"_self\" rel=\"noopener\">\t\n\tDarbo ie\u0161kan\u010diam jaunimui<\/a><\/h4>\t\t\n\t\t\t<p>Jei esi 25-29 met\u0173 jaunuolis, norintis kurti karjer\u0105 ir tuo pa\u010diu prisid\u0117ti prie teigiamo poveikio aplinkai, INTERCEPT si\u016blo unikali\u0105 prog\u0105.<\/p>\n<a href=\"https:\/\/interceptproject.eu\/lt\/galimybes-jaunimui\/\" target=\"_self\" rel=\"noopener\">Su\u017einokite daugiau<\/a>\t\t\n\t\t<h4><a href=\"https:\/\/interceptproject.eu\/lt\/galimybes-zalioms-imonems\/\" target=\"_self\" rel=\"noopener\">\t\n\t&#8222;\u017dalioms&#8221; \u012fmon\u0117ms<\/a><\/h4>\t\t\n\t\t\t<p>Jei esate \u201e\u017ealioji&#8221; \u012fmon\u0117, INTERCEPT suras, apmokys ir apmok\u0117s tinkamiausi\u0173 kandidat\u0173 praktik\u0105!<\/p>\n<a href=\"https:\/\/interceptproject.eu\/lt\/galimybes-zalioms-imonems\/\" target=\"_self\" rel=\"noopener\">Su\u017einokite daugiau<\/a>\t\t\n\n","protected":false},"excerpt":{"rendered":"<p>Projektas INTERCEPT tikslas yra atskleisti jaunimo potencial\u0105 &#8222;\u017eali\u0105jame&#8221; sektoriuje. Projekto metu atliekami NEETS (nedirban\u010dio ir nesimokan\u010dio jaunimo) ir &#8222;\u017eali\u0173j\u0173&#8221; \u012fmoni\u0173 tyrimai, nustatomi \u0161ios srities poreikiai ir galimyb\u0117s. Bus atrinkta 300 25-29 met\u0173 am\u017eiaus jaunuoli\u0173 Italijoje, Maltoje ir Lietuvoje. Jie bus apmokomi ir siun\u010diami \u012f 3 m\u0117nesi\u0173 finansuojamas sta\u017euotes &#8222;\u017ealiuosiuose&#8221; versluose. Tai yra pilotinis projektas ir [&hellip;]<\/p>\n","protected":false},"author":1,"featured_media":0,"parent":0,"menu_order":1,"comment_status":"closed","ping_status":"closed","template":"","meta":[],"_links":{"self":[{"href":"https:\/\/interceptproject.eu\/lt\/wp-json\/wp\/v2\/pages\/862"}],"collection":[{"href":"https:\/\/interceptproject.eu\/lt\/wp-json\/wp\/v2\/pages"}],"about":[{"href":"https:\/\/interceptproject.eu\/lt\/wp-json\/wp\/v2\/types\/page"}],"author":[{"embeddable":true,"href":"https:\/\/interceptproject.eu\/lt\/wp-json\/wp\/v2\/users\/1"}],"replies":[{"embeddable":true,"href":"https:\/\/interceptproject.eu\/lt\/wp-json\/wp\/v2\/comments?post=862"}],"version-history":[{"count":2,"href":"https:\/\/interceptproject.eu\/lt\/wp-json\/wp\/v2\/pages\/862\/revisions"}],"predecessor-version":[{"id":872,"href":"https:\/\/interceptproject.eu\/lt\/wp-json\/wp\/v2\/pages\/862\/revisions\/872"}],"wp:attachment":[{"href":"https:\/\/interceptproject.eu\/lt\/wp-json\/wp\/v2\/media?parent=862"}],"curies":[{"name":"wp","href":"https:\/\/api.w.org\/{rel}","templated":true}]}}