{"id":865,"date":"2022-04-27T16:53:32","date_gmt":"2022-04-27T14:53:32","guid":{"rendered":"https:\/\/interceptproject.eu\/galimybes-jaunimui\/"},"modified":"2022-08-01T12:26:04","modified_gmt":"2022-08-01T10:26:04","slug":"galimybes-jaunimui","status":"publish","type":"page","link":"https:\/\/interceptproject.eu\/lt\/galimybes-jaunimui\/","title":{"rendered":"Galimyb\u0117s jaunimui"},"content":{"rendered":"\n<h2>\n\t\tGalimyb\u0117s jaunimui\n\t<\/h2>\n\t<p>Susisiekite jei norite su\u017einoti daugiau apie &#8222;\u017ealio&#8221;darbo galimybes<\/p>\n\t<p>Jei esate jaunuolis, ie\u0161kantis karjeros, kuri prisid\u0117t\u0173 prie teigiamo poveikio aplinkai, INTERCEPT si\u016blo galimyb\u0119 dalyvauti mokymuose ir sta\u017euot\u0117je, kad gal\u0117tum\u0117te i\u0161bandyti save. Pasi\u016blymas skirtas 25-29 m. niekur nedirbantiems ir nesimokantiems jaunuoliams. Trij\u0173 m\u0117nesi\u0173 apmokama praktika galb\u016bt taps paskata ir toliau tobulinti \u012fg\u016bd\u017eius ir kurti karjer\u0105 \u0161ioje srityje.  <\/p>\n\t<a href=\"https:\/\/it.interceptproject.eu\/\" target=\"_blank\" rel=\"noopener\">Spauskite \u010dia<br \/>\nnor\u0117dami kreiptis \u012f Italij\u0105<\/a>\n\t\t\t\t<a href=\"https:\/\/it.interceptproject.eu\/\" target=\"_blank\" rel=\"noopener\" itemprop=\"url\">\n\t\t\t\t<img decoding=\"async\" loading=\"lazy\" src=\"https:\/\/interceptproject.eu\/wp-content\/uploads\/2022\/05\/INTERCEPT-IT_White.png\" alt=\"_INTERCEPT IT_White\" itemprop=\"image\" height=\"217\" width=\"822\" title=\"_INTERCEPT IT_White\" onerror=\"this.style.display='none'\"  \/>\n\t\t\t\t<\/a>\n\t<a href=\"https:\/\/mt.interceptproject.eu\/\" target=\"_blank\" rel=\"noopener\">Spauskite \u010dia<br \/>\nnor\u0117dami kreiptis \u012f Malta<\/a>\n\t\t\t\t<a href=\"https:\/\/mt.interceptproject.eu\/\" target=\"_blank\" rel=\"noopener\" itemprop=\"url\">\n\t\t\t\t<img decoding=\"async\" loading=\"lazy\" src=\"https:\/\/interceptproject.eu\/wp-content\/uploads\/2022\/05\/INTERCEPT-MT_White.png\" alt=\"_INTERCEPT MT_White\" itemprop=\"image\" height=\"217\" width=\"822\" title=\"_INTERCEPT MT_White\" onerror=\"this.style.display='none'\"  \/>\n\t\t\t\t<\/a>\n\t<a href=\"https:\/\/lt.interceptproject.eu\/\" target=\"_blank\" rel=\"noopener\">Spauskite \u010dia<br \/>\nnor\u0117dami kreiptis \u012f Lietuva<\/a>\n\t\t\t\t<a href=\"https:\/\/lt.interceptproject.eu\/\" target=\"_blank\" rel=\"noopener\" itemprop=\"url\">\n\t\t\t\t<img decoding=\"async\" loading=\"lazy\" src=\"https:\/\/interceptproject.eu\/wp-content\/uploads\/2022\/05\/INTERCEPT-LT_White.png\" alt=\"_INTERCEPT LT_White\" itemprop=\"image\" height=\"217\" width=\"822\" title=\"_INTERCEPT LT_White\" onerror=\"this.style.display='none'\"  \/>\n\t\t\t\t<\/a>\n\n","protected":false},"excerpt":{"rendered":"<p>Galimyb\u0117s jaunimui Susisiekite jei norite su\u017einoti daugiau apie &#8222;\u017ealio&#8221;darbo galimybes Jei esate jaunuolis, ie\u0161kantis karjeros, kuri prisid\u0117t\u0173 prie teigiamo poveikio aplinkai, INTERCEPT si\u016blo galimyb\u0119 dalyvauti mokymuose ir sta\u017euot\u0117je, kad gal\u0117tum\u0117te i\u0161bandyti save. Pasi\u016blymas skirtas 25-29 m. niekur nedirbantiems ir nesimokantiems jaunuoliams. Trij\u0173 m\u0117nesi\u0173 apmokama praktika galb\u016bt taps paskata ir toliau tobulinti \u012fg\u016bd\u017eius ir kurti karjer\u0105 [&hellip;]<\/p>\n","protected":false},"author":1,"featured_media":0,"parent":0,"menu_order":0,"comment_status":"closed","ping_status":"closed","template":"","meta":[],"_links":{"self":[{"href":"https:\/\/interceptproject.eu\/lt\/wp-json\/wp\/v2\/pages\/865"}],"collection":[{"href":"https:\/\/interceptproject.eu\/lt\/wp-json\/wp\/v2\/pages"}],"about":[{"href":"https:\/\/interceptproject.eu\/lt\/wp-json\/wp\/v2\/types\/page"}],"author":[{"embeddable":true,"href":"https:\/\/interceptproject.eu\/lt\/wp-json\/wp\/v2\/users\/1"}],"replies":[{"embeddable":true,"href":"https:\/\/interceptproject.eu\/lt\/wp-json\/wp\/v2\/comments?post=865"}],"version-history":[{"count":6,"href":"https:\/\/interceptproject.eu\/lt\/wp-json\/wp\/v2\/pages\/865\/revisions"}],"predecessor-version":[{"id":989,"href":"https:\/\/interceptproject.eu\/lt\/wp-json\/wp\/v2\/pages\/865\/revisions\/989"}],"wp:attachment":[{"href":"https:\/\/interceptproject.eu\/lt\/wp-json\/wp\/v2\/media?parent=865"}],"curies":[{"name":"wp","href":"https:\/\/api.w.org\/{rel}","templated":true}]}}