{"id":869,"date":"2022-03-08T17:55:01","date_gmt":"2022-03-08T16:55:01","guid":{"rendered":"https:\/\/interceptproject.eu\/projekto-partneriai\/"},"modified":"2022-06-29T11:49:58","modified_gmt":"2022-06-29T09:49:58","slug":"projekto-partneriai","status":"publish","type":"page","link":"https:\/\/interceptproject.eu\/lt\/projekto-partneriai\/","title":{"rendered":"Projekto partneriai"},"content":{"rendered":"\n<h2>\n\t\tProjekto partneriai\n\t<\/h2>\n\t<p><strong>Susipa\u017einkite su Intercept darbo grupe.<\/strong><\/p>\n\t<p><strong>Lietuva, Malta, Italija, Lenkija, Slovakija ir Liuksemburgas yra 6 Europos \u0161alys, i\u0161 kuri\u0173 9 organizacijos bendradarbiauja \u012fgyvendinant projekt\u0105 Intercept.<\/strong><\/p>\n<ul>\n<li>Jobsplus i\u0161 Maltos yra pagrindinis partneris, kuris koordinuoja vis\u0105 projekt\u0105.<\/li>\n<li>\u201eVisionary Analytics&#8221; i\u0161 Lietuvos, CASE &#8211; Socialini\u0173 ir ekonomini\u0173 tyrim\u0173 centras i\u0161 Lenkijos ir Ekonomini\u0173 tyrim\u0173 institutas &#8211; Slovakijos moksl\u0173 akademija pri\u017ei\u016br\u0117s projekto tyrim\u0173 aspektus;<\/li>\n<li>Toskanos regionas, Anci Toscana ir Grosseto universitetas Italijoje daugiausia d\u0117mesio skiria komunikacijai, informavimo ir mokymo veikloms;<\/li>\n<li>Anci Toscana su Jobsplus ir Lietuvos U\u017eimtumo tarnyba bandys naujovi\u0161kus &#8222;\u017eali\u0173&#8221; \u012fg\u016bd\u017ei\u0173 mokymus, kuriuose dalyvaus 300 NEETs jaunimo visose trijose \u0161alyse (Lietuvoje, Maltoje ir Italijoje);<\/li>\n<li>Kaip projekto ekspertas partneris ADEM, Liuksemburgo nacionalin\u0117 u\u017eimtumo agent\u016bra, dalinsis \u017einiomis apie darbo rinkos mechanizmus ir jaun\u0173 darbo ie\u0161kan\u010di\u0173 asmen\u0173 orientavim\u0105.<\/li>\n<\/ul>\n\t\t\t\t<img decoding=\"async\" loading=\"lazy\" src=\"https:\/\/interceptproject.eu\/wp-content\/uploads\/2022\/03\/priscilla-du-preez-cIfLUEZYLVg-unsplash-1024x683.jpg\" alt=\"priscilla-du-preez-cIfLUEZYLVg-unsplash\" itemprop=\"image\" height=\"683\" width=\"1024\" title=\"priscilla-du-preez-cIfLUEZYLVg-unsplash\" onerror=\"this.style.display='none'\"  \/>\n\t\t\t\t<a href=\"https:\/\/jobsplus.gov.mt\/\" target=\"_blank\" rel=\"noopener\" itemprop=\"url\">\n\t\t\t\t<img decoding=\"async\" loading=\"lazy\" src=\"https:\/\/interceptproject.eu\/wp-content\/uploads\/2022\/04\/jobplus_logo_2.png\" alt=\"jobplus_logo_2\" itemprop=\"image\" height=\"250\" width=\"400\" title=\"jobplus_logo_2\" onerror=\"this.style.display='none'\"  \/>\n\t\t\t\t<\/a>\n<h3><a href=\"https:\/\/jobsplus.gov.mt\/\" target=\"_blank\" rel=\"noopener\">Jobs Plus<\/a><\/h3>\t\t\n\t\t\t<p>Jobsplus yra orientuotas \u012f specializuot\u0105 veikl\u0105, skirt\u0105 patenkinti paskatinti vietinio u\u017eimtumo poreik\u012f ir mokymo sektoriaus s\u0117km\u0119.<\/p>\n<a href=\"https:\/\/jobsplus.gov.mt\/\" rel=\"noopener\" target=\"_blank\">Su\u017einokite daugiau<\/a>\t\t\n\t\t\t\t<a href=\"http:\/\/www.ekonom.sav.sk\/\" target=\"_blank\" rel=\"noopener\" itemprop=\"url\">\n\t\t\t\t<img decoding=\"async\" loading=\"lazy\" src=\"https:\/\/interceptproject.eu\/wp-content\/uploads\/2022\/03\/logo_lrg3.png.png\" alt=\"logo_lrg3.png\" itemprop=\"image\" height=\"250\" width=\"400\" title=\"logo_lrg3.png\" onerror=\"this.style.display='none'\"  \/>\n\t\t\t\t<\/a>\n<h3><a href=\"http:\/\/www.ekonom.sav.sk\/\" target=\"_blank\" rel=\"noopener\">Ekonomicky ustav SAV<\/a><\/h3>\t\t\n\t\t\t<p>Slovakijos moksl\u0173 akademijos Ekonomini\u0173 tyrim\u0173 institutas savo mokslin\u0119 veikl\u0105 globalizacijos ir prisitaikymo proces\u0173 Europos kontekste srityje telkia nuo 1953 m.<\/p>\n<a href=\"http:\/\/www.ekonom.sav.sk\/\" rel=\"noopener\" target=\"_blank\">Su\u017einokite daugiau<\/a>\t\t\n\t\t\t\t<a href=\"https:\/\/uzt.lt\/en\" target=\"_blank\" rel=\"noopener\" itemprop=\"url\">\n\t\t\t\t<img decoding=\"async\" loading=\"lazy\" src=\"https:\/\/interceptproject.eu\/wp-content\/uploads\/2022\/03\/white-logo.png.png\" alt=\"white-logo.png\" itemprop=\"image\" height=\"250\" width=\"400\" title=\"white-logo.png\" onerror=\"this.style.display='none'\"  \/>\n\t\t\t\t<\/a>\n<h3><a href=\"https:\/\/uzt.lt\/en\" target=\"_blank\" rel=\"noopener\">Employment Service<\/a><\/h3>\t\t\n\t\t\t<p>U\u017eimtumo tarnyba prie Socialin\u0117s apsaugos ir darbo ministerijos atsakinga u\u017e valstybin\u0119 darbo rinkos politikos \u012fgyvendinim\u0105.<\/p>\n<a href=\"https:\/\/uzt.lt\/en\" rel=\"noopener\" target=\"_blank\">Su\u017einokite daugiau<\/a>\t\t\n\t\t\t\t<a href=\"https:\/\/ancitoscana.it\/\" target=\"_blank\" rel=\"noopener\" itemprop=\"url\">\n\t\t\t\t<img decoding=\"async\" loading=\"lazy\" src=\"https:\/\/interceptproject.eu\/wp-content\/uploads\/2022\/03\/yGn45J_e_400x400.jpg.png\" alt=\"yGn45J_e_400x400.jpg\" itemprop=\"image\" height=\"250\" width=\"400\" title=\"yGn45J_e_400x400.jpg\" onerror=\"this.style.display='none'\"  \/>\n\t\t\t\t<\/a>\n<h3><a href=\"https:\/\/ancitoscana.it\/\" target=\"_blank\" rel=\"noopener\">Anci Toscana<\/a><\/h3>\t\t\n\t\t\t<p>Anci yra regionin\u0117 asociacija, kurios tikslas yra stiprinti ir konsoliduoti Toskanos teritorij\u0173 institucin\u0119, reguliavimo, finansin\u0119 ir organizacin\u0119 autonomij\u0105. Ji aptarnauja Toskanos savivaldybes, remdama ir pad\u0117dama joms kurti bendradarbiavimo tinklus kiekviename sektoriuje. <\/p>\n<a href=\"https:\/\/ancitoscana.it\/\" rel=\"noopener\" target=\"_blank\">Su\u017einokite daugiau<\/a>\t\t\n\t\t\t\t<a href=\"https:\/\/www.regione.toscana.it\/\" target=\"_blank\" rel=\"noopener\" itemprop=\"url\">\n\t\t\t\t<img decoding=\"async\" loading=\"lazy\" src=\"https:\/\/interceptproject.eu\/wp-content\/uploads\/2022\/03\/layout_set_logo-2.png.png\" alt=\"layout_set_logo-2.png\" itemprop=\"image\" height=\"250\" width=\"400\" title=\"layout_set_logo-2.png\" onerror=\"this.style.display='none'\"  \/>\n\t\t\t\t<\/a>\n<h3><a href=\"https:\/\/www.regione.toscana.it\/\" target=\"_blank\" rel=\"noopener\">Regione Toscana<\/a><\/h3>\t\t\n\t\t\t<p>Regione Toscana yra regionin\u0117 institucija, kuri administruoja Toskanos teritorij\u0105, savivaldybes ir turi savo funkcijas bei \u012fgaliojimus pagal Italijos Konstitucijoje nustatytus principus.<\/p>\n<a href=\"https:\/\/www.regione.toscana.it\/\" rel=\"noopener\" target=\"_blank\">Su\u017einokite daugiau<\/a>\t\t\n\t\t\t\t<a href=\"https:\/\/polouniversitariogrosseto.it\/\" target=\"_blank\" rel=\"noopener\" itemprop=\"url\">\n\t\t\t\t<img decoding=\"async\" loading=\"lazy\" src=\"https:\/\/interceptproject.eu\/wp-content\/uploads\/2022\/03\/Polo-universitario-grossetano-logo.png.png\" alt=\"Polo-universitario-grossetano-logo.png\" itemprop=\"image\" height=\"250\" width=\"400\" title=\"Polo-universitario-grossetano-logo.png\" onerror=\"this.style.display='none'\"  \/>\n\t\t\t\t<\/a>\n<h3><a href=\"https:\/\/polouniversitariogrosseto.it\/\" target=\"_blank\" rel=\"noopener\">Fondazione Polo Universitario Grossetano<\/a><\/h3>\t\t\n\t\t\t<p>Polo Universitario Grossetano universitetas nuo pat jo \u012fk\u016brimo 1998 m. yra palaikomas vietos institucij\u0173, prekybos asociacij\u0173 ir priva\u010di\u0173 asmen\u0173.<\/p>\n<a href=\"https:\/\/polouniversitariogrosseto.it\/\" rel=\"noopener\" target=\"_blank\">Su\u017einokite daugiau<\/a>\t\t\n\t\t\t\t<a href=\"https:\/\/www.visionary.lt\/\" target=\"_blank\" rel=\"noopener\" itemprop=\"url\">\n\t\t\t\t<img decoding=\"async\" loading=\"lazy\" src=\"https:\/\/interceptproject.eu\/wp-content\/uploads\/2022\/03\/logo-1.svg-1.png\" alt=\"logo (1).svg\" itemprop=\"image\" height=\"250\" width=\"400\" title=\"logo (1).svg\" onerror=\"this.style.display='none'\"  \/>\n\t\t\t\t<\/a>\n<h3><a href=\"https:\/\/www.visionary.lt\/\" target=\"_blank\" rel=\"noopener\">Visionary Analytics<\/a><\/h3>\t\t\n\t\t\t<p>Konsultacin\u0117 \u012fmon\u0117, teikianti taikom\u0173j\u0173 tyrim\u0173, vertinimo ir kitas konsultacines paslaugas Europos S\u0105jungos institucijoms, tarptautin\u0117ms organizacijoms ir nacionalin\u0117ms vyriausyb\u0117ms.<\/p>\n<a href=\"https:\/\/www.visionary.lt\/\" rel=\"noopener\" target=\"_blank\">Su\u017einokite daugiau<\/a>\t\t\n\t\t\t\t<a href=\"http:\/\/case-research.eu\/en\" target=\"_blank\" rel=\"noopener\" itemprop=\"url\">\n\t\t\t\t<img decoding=\"async\" loading=\"lazy\" src=\"https:\/\/interceptproject.eu\/wp-content\/uploads\/2022\/06\/case_logotyp-2.jpg\" alt=\"case_logotyp-2\" itemprop=\"image\" height=\"250\" width=\"400\" title=\"case_logotyp-2\" onerror=\"this.style.display='none'\"  \/>\n\t\t\t\t<\/a>\n<h3><a href=\"http:\/\/case-research.eu\/en\" target=\"_blank\" rel=\"noopener\">CASE<\/a><\/h3>\t\t\n\t\t\t<p>Socialini\u0173 ir ekonomini\u0173 tyrim\u0173 centras yra nepriklausomas, pelno nesiekiantis tyrim\u0173 institutas, \u012fkurtas remiantis id\u0117ja, kad moksliniais tyrimais pagr\u012fstos politikos formavimas yra gyvybi\u0161kai svarbus visuomen\u0117s ekonominei gerovei. \u012ekurtas 1991 m. Var\u0161uvoje, CASE \u0161iandien yra pripa\u017eintas Centrin\u0117je ir Ryt\u0173 Europoje ir vienas labiausiai vertinam\u0173 ekspert\u0173 centras.<\/p>\n<a href=\"http:\/\/case-research.eu\/en\" rel=\"noopener\" target=\"_blank\">Su\u017einokite daugiau<\/a>\t\t\n\t\t\t\t<a href=\"https:\/\/adem.public.lu\/en.html\" target=\"_blank\" rel=\"noopener\" itemprop=\"url\">\n\t\t\t\t<img decoding=\"async\" loading=\"lazy\" src=\"https:\/\/interceptproject.eu\/wp-content\/uploads\/2022\/03\/20190418_adem-logo-600-450.jpg.png\" alt=\"20190418_adem-logo-600-450.jpg\" itemprop=\"image\" height=\"250\" width=\"400\" title=\"20190418_adem-logo-600-450.jpg\" onerror=\"this.style.display='none'\"  \/>\n\t\t\t\t<\/a>\n<h3><a href=\"https:\/\/adem.public.lu\/en.html\" target=\"_blank\" rel=\"noopener\">Adem<\/a><\/h3>\t\t\n\t\t\t<p>ADEM, nacionalin\u0117 \u012fdarbinimo agent\u016bra, yra pirmasis darbo ie\u0161kan\u010di\u0173 asmen\u0173 ir darbdavi\u0173 kontaktinis centras Liuksemburge. ADEM, kuri yra pavaldi Darbo, u\u017eimtumo ir socialin\u0117s bei solidarumo ekonomikos ministerijai, pagrindin\u0117 u\u017eduotis yra suderinti darbo rinkos pasi\u016blymus ir poreikius. <\/p>\n<a href=\"https:\/\/adem.public.lu\/en.html\" rel=\"noopener\" target=\"_blank\">Su\u017einokite daugiau<\/a>\t\t\n\n","protected":false},"excerpt":{"rendered":"<p>Projekto partneriai Susipa\u017einkite su Intercept darbo grupe. Lietuva, Malta, Italija, Lenkija, Slovakija ir Liuksemburgas yra 6 Europos \u0161alys, i\u0161 kuri\u0173 9 organizacijos bendradarbiauja \u012fgyvendinant projekt\u0105 Intercept. Jobsplus i\u0161 Maltos yra pagrindinis partneris, kuris koordinuoja vis\u0105 projekt\u0105. \u201eVisionary Analytics&#8221; i\u0161 Lietuvos, CASE &#8211; Socialini\u0173 ir ekonomini\u0173 tyrim\u0173 centras i\u0161 Lenkijos ir Ekonomini\u0173 tyrim\u0173 institutas &#8211; Slovakijos [&hellip;]<\/p>\n","protected":false},"author":1,"featured_media":0,"parent":0,"menu_order":2,"comment_status":"closed","ping_status":"closed","template":"","meta":[],"_links":{"self":[{"href":"https:\/\/interceptproject.eu\/lt\/wp-json\/wp\/v2\/pages\/869"}],"collection":[{"href":"https:\/\/interceptproject.eu\/lt\/wp-json\/wp\/v2\/pages"}],"about":[{"href":"https:\/\/interceptproject.eu\/lt\/wp-json\/wp\/v2\/types\/page"}],"author":[{"embeddable":true,"href":"https:\/\/interceptproject.eu\/lt\/wp-json\/wp\/v2\/users\/1"}],"replies":[{"embeddable":true,"href":"https:\/\/interceptproject.eu\/lt\/wp-json\/wp\/v2\/comments?post=869"}],"version-history":[{"count":2,"href":"https:\/\/interceptproject.eu\/lt\/wp-json\/wp\/v2\/pages\/869\/revisions"}],"predecessor-version":[{"id":963,"href":"https:\/\/interceptproject.eu\/lt\/wp-json\/wp\/v2\/pages\/869\/revisions\/963"}],"wp:attachment":[{"href":"https:\/\/interceptproject.eu\/lt\/wp-json\/wp\/v2\/media?parent=869"}],"curies":[{"name":"wp","href":"https:\/\/api.w.org\/{rel}","templated":true}]}}