{"id":838,"date":"2022-03-09T14:31:14","date_gmt":"2022-03-09T13:31:14","guid":{"rendered":"https:\/\/interceptproject.eu\/intercept-project\/"},"modified":"2022-06-29T11:50:50","modified_gmt":"2022-06-29T09:50:50","slug":"intercept-project","status":"publish","type":"page","link":"https:\/\/interceptproject.eu\/mt\/","title":{"rendered":"Intercept project"},"content":{"rendered":"\n\n\t<h2>Il-konnessjoni ta&#8217; NEETs \u017cg\u0127a\u017cag\u0127 ma&#8217; opportunitajiet ta&#8217; xog\u0127ol fis-settur ekolo\u0121iku.<\/h2>\n\t<p>INTERCEPT g\u0127andu l-g\u0127an li jo\u0127ro\u0121 il-potenzjal ta&#8217; NEETs ta&#8217; bejn il-25 u d-29 sena fis-settur ekolo\u0121iku. Il-pro\u0121ett se jwettaq <strong>ri\u010berka dwar NEETS u kumpaniji ekolo\u0121i\u010bi<\/strong>, filwaqt li jidentifika l-b\u017connijiet u l-opportunitajiet f&#8217;dan il-qasam: se jag\u0127\u017cel 300 NEET (nies li huma Barra mill-Edukazzjoni, mill-Impjieg jew mit-Ta\u0127ri\u0121) <strong>fl-Italja, f&#8217;Malta u fil-Litwanja<\/strong>. <\/p>\n\t\t\t\t<img decoding=\"async\" loading=\"lazy\" src=\"https:\/\/interceptproject.eu\/wp-content\/uploads\/2022\/03\/lina-trochez-ktPKyUs3Qjs-unsplash-scaled.jpg\" alt=\"lina-trochez-ktPKyUs3Qjs-unsplash\" itemprop=\"image\" height=\"1709\" width=\"2560\" title=\"lina-trochez-ktPKyUs3Qjs-unsplash\" onerror=\"this.style.display='none'\"  \/>\n\t\t\t\t<img decoding=\"async\" loading=\"lazy\" src=\"https:\/\/interceptproject.eu\/wp-content\/uploads\/2022\/03\/midas-hofstra-tidSLv-UaNs-unsplash-1024x1024.jpg\" alt=\"midas-hofstra-tidSLv-UaNs-unsplash\" itemprop=\"image\" height=\"1024\" width=\"1024\" title=\"midas-hofstra-tidSLv-UaNs-unsplash\" onerror=\"this.style.display='none'\"  \/>\n\t<h2>Nag\u0127tu s-setg\u0127a g\u0127al futur ekolo\u0121iku u sostenibbli!<\/h2>\n\t<p>Bla dubju, <b>il-\u0121enerazzjoni<\/b> \u017cag\u0127\u017cug\u0127a tal-lum se tkun l-aktar affettwata <b>mit-tibdil fil-klima globali<\/b>. F&#8217;dan il-kuntest, l-u\u017cu ta&#8217; investimenti <b>f&#8217;ekonomija ekolo\u0121ika<\/b>jista&#8217; jg\u0127in biex ji\u0121i <b>assigurat futur<\/b> \u0121ust u ekwu li jtejjeb il-\u0127ajja tan-nies permezz tal-avvanz tal-benesseri ambjentali u so\u010bjali. Is-sapport lejn NEETs sabiex jakkwistaw il-\u0127iliet u l-esperjenza tax-xog\u0127ol ne\u010bessarji biex jiksbu impjiegi fis-settur ekolo\u0121iku huwa investiment bi d\u0127ul potenzjali g\u0127oli u b&#8217;g\u0127odda promettenti g\u0127all-inklu\u017cjoni so\u010bjali. <\/p>\n\t\t\t<a href=\"https:\/\/interceptproject.eu\/mt\/progett\/\" target=\"_self\" role=\"button\" rel=\"noopener\">\n\t\t\t\t\t\t\tPro\u0121ett\n\t\t\t\t\t<\/a>\n<h3>\n\t\tOpportunitajiet\n\t<\/h3>\n\t<p>Il-pro\u0121ett iwettaq ri\u010berka dwar <strong>\u017cg\u0127a\u017cag\u0127 li qed ifittxu<\/strong> impjieg u <strong>kumpaniji ekolo\u0121i\u010bi<\/strong>, u <strong>joffri perjodu<\/strong> ta&#8217; ta\u0127ri\u0121 u <strong>internships im\u0127allsa<\/strong> sabiex ji\u017cdiedu l-opportunitajiet ta&#8217; impjieg fis-settur ekolo\u0121iku.<\/p>\n\t\t<h4><a href=\"https:\/\/interceptproject.eu\/mt\/opportunitajiet-ghal-zghazagh-li-qed-ifittxu-xoghol\/\" target=\"_self\" rel=\"noopener\">\t\n\t\u017bg\u0127a\u017cag\u0127 li qed ifittxu xog\u0127ol<\/a><\/h4>\t\t\n\t\t\t<p>Jekk int <strong>\u017cag\u0127\u017cug\u0127 ta&#8217; bejn il-25 u d-29<\/strong> sena li qed tfittex xog\u0127ol u li int interessat li tibni karriera li t\u0127alli impatt po\u017cittiv fuq l-ambjent, INTERCEPT joffrilek opportunit\u00e0 imprezzabbli.<\/p>\n<a href=\"https:\/\/interceptproject.eu\/mt\/opportunitajiet-ghal-zghazagh-li-qed-ifittxu-xoghol\/\" target=\"_self\" rel=\"noopener\">Skopri aktar<\/a>\t\t\n\t\t<h4><a href=\"https:\/\/interceptproject.eu\/mt\/opportunitajiet-ghal-kumpaniji-ekologici\/\" target=\"_self\" rel=\"noopener\">\t\n\tKumpaniji ekolo\u0121i\u010bi<\/a><\/h4>\t\t\n\t\t\t<p>Jekk taqa&#8217; <strong>ta\u0127t il-kappa ta&#8217; kumpanija &#8216;ekolo\u0121ika&#8217;<\/strong>, INTERCEPT isib, i\u0127arre\u0121, i\u0127allas u jintrodu\u010bilek l-aktar kandidati xierqa g\u0127al opportunitajiet ta&#8217; internship!<\/p>\n<a href=\"https:\/\/interceptproject.eu\/mt\/opportunitajiet-ghal-kumpaniji-ekologici\/\" target=\"_self\" rel=\"noopener\">Skopri aktar<\/a>\t\t\n<h3>\n\t\tPartners\n\t<\/h3>\n                    <a href=\"https:\/\/interceptproject.eu\/mt\/shubija\/#j-e\" target=\"_self\" rel=\"noopener\">\n\t\t\t\t\t\t\t<img decoding=\"async\" src=\"https:\/\/interceptproject.eu\/wp-content\/uploads\/2022\/04\/jobplus_logo_2-300x188.png\" alt=\"https:\/\/interceptproject.eu\/wp-content\/uploads\/2022\/04\/jobplus_logo_2-300x188.png\" data-no-lazy=\"1\" \/>\n                            <\/a>\n                    <a href=\"https:\/\/interceptproject.eu\/mt\/shubija\/#j-e\" target=\"_self\" rel=\"noopener\">\n\t\t\t\t\t\t\t<img decoding=\"async\" src=\"https:\/\/interceptproject.eu\/wp-content\/uploads\/2022\/03\/logo_lrg3.png.png\" alt=\"https:\/\/interceptproject.eu\/wp-content\/uploads\/2022\/03\/logo_lrg3.png.png\" data-no-lazy=\"1\" \/>\n                            <\/a>\n                    <a href=\"https:\/\/interceptproject.eu\/mt\/shubija\/#e-a\" target=\"_self\" rel=\"noopener\">\n\t\t\t\t\t\t\t<img decoding=\"async\" src=\"https:\/\/interceptproject.eu\/wp-content\/uploads\/2022\/03\/white-logo.png.png\" alt=\"https:\/\/interceptproject.eu\/wp-content\/uploads\/2022\/03\/white-logo.png.png\" data-no-lazy=\"1\" \/>\n                            <\/a>\n                    <a href=\"https:\/\/interceptproject.eu\/mt\/shubija\/#e-a\" target=\"_self\" rel=\"noopener\">\n\t\t\t\t\t\t\t<img decoding=\"async\" src=\"https:\/\/interceptproject.eu\/wp-content\/uploads\/2022\/03\/yGn45J_e_400x400.jpg.png\" alt=\"https:\/\/interceptproject.eu\/wp-content\/uploads\/2022\/03\/yGn45J_e_400x400.jpg.png\" data-no-lazy=\"1\" \/>\n                            <\/a>\n                    <a href=\"https:\/\/interceptproject.eu\/mt\/shubija\/#r-f\" target=\"_self\" rel=\"noopener\">\n\t\t\t\t\t\t\t<img decoding=\"async\" src=\"https:\/\/interceptproject.eu\/wp-content\/uploads\/2022\/03\/layout_set_logo-2.png.png\" alt=\"https:\/\/interceptproject.eu\/wp-content\/uploads\/2022\/03\/layout_set_logo-2.png.png\" data-no-lazy=\"1\" \/>\n                            <\/a>\n                    <a href=\"https:\/\/interceptproject.eu\/mt\/shubija\/#r-f\" target=\"_self\" rel=\"noopener\">\n\t\t\t\t\t\t\t<img decoding=\"async\" src=\"https:\/\/interceptproject.eu\/wp-content\/uploads\/2022\/03\/Polo-universitario-grossetano-logo.png.png\" alt=\"https:\/\/interceptproject.eu\/wp-content\/uploads\/2022\/03\/Polo-universitario-grossetano-logo.png.png\" data-no-lazy=\"1\" \/>\n                            <\/a>\n                    <a href=\"https:\/\/interceptproject.eu\/mt\/shubija\/#v-c\" target=\"_self\" rel=\"noopener\">\n\t\t\t\t\t\t\t<img decoding=\"async\" src=\"https:\/\/interceptproject.eu\/wp-content\/uploads\/2022\/03\/logo-1.svg-1.png\" alt=\"https:\/\/interceptproject.eu\/wp-content\/uploads\/2022\/03\/logo-1.svg-1.png\" data-no-lazy=\"1\" \/>\n                            <\/a>\n                    <a href=\"https:\/\/interceptproject.eu\/mt\/shubija\/#v-c\" target=\"_self\" rel=\"noopener\">\n\t\t\t\t\t\t\t<img decoding=\"async\" src=\"https:\/\/interceptproject.eu\/wp-content\/uploads\/2022\/06\/case_logotyp-2.jpg\" alt=\"https:\/\/interceptproject.eu\/wp-content\/uploads\/2022\/06\/case_logotyp-2.jpg\" data-no-lazy=\"1\" \/>\n                            <\/a>\n                    <a href=\"https:\/\/interceptproject.eu\/mt\/shubija\/#a\" target=\"_self\" rel=\"noopener\">\n\t\t\t\t\t\t\t<img decoding=\"async\" src=\"https:\/\/interceptproject.eu\/wp-content\/uploads\/2022\/03\/20190418_adem-logo-600-450.jpg.png\" alt=\"https:\/\/interceptproject.eu\/wp-content\/uploads\/2022\/03\/20190418_adem-logo-600-450.jpg.png\" data-no-lazy=\"1\" \/>\n                            <\/a>\n\n","protected":false},"excerpt":{"rendered":"<p>Il-konnessjoni ta&#8217; NEETs \u017cg\u0127a\u017cag\u0127 ma&#8217; opportunitajiet ta&#8217; xog\u0127ol fis-settur ekolo\u0121iku. INTERCEPT g\u0127andu l-g\u0127an li jo\u0127ro\u0121 il-potenzjal ta&#8217; NEETs ta&#8217; bejn il-25 u d-29 sena fis-settur ekolo\u0121iku. Il-pro\u0121ett se jwettaq ri\u010berka dwar NEETS u kumpaniji ekolo\u0121i\u010bi, filwaqt li jidentifika l-b\u017connijiet u l-opportunitajiet f&#8217;dan il-qasam: se jag\u0127\u017cel 300 NEET (nies li huma Barra mill-Edukazzjoni, mill-Impjieg jew mit-Ta\u0127ri\u0121) [&hellip;]<\/p>\n","protected":false},"author":1,"featured_media":0,"parent":0,"menu_order":0,"comment_status":"closed","ping_status":"closed","template":"","meta":[],"_links":{"self":[{"href":"https:\/\/interceptproject.eu\/mt\/wp-json\/wp\/v2\/pages\/838"}],"collection":[{"href":"https:\/\/interceptproject.eu\/mt\/wp-json\/wp\/v2\/pages"}],"about":[{"href":"https:\/\/interceptproject.eu\/mt\/wp-json\/wp\/v2\/types\/page"}],"author":[{"embeddable":true,"href":"https:\/\/interceptproject.eu\/mt\/wp-json\/wp\/v2\/users\/1"}],"replies":[{"embeddable":true,"href":"https:\/\/interceptproject.eu\/mt\/wp-json\/wp\/v2\/comments?post=838"}],"version-history":[{"count":5,"href":"https:\/\/interceptproject.eu\/mt\/wp-json\/wp\/v2\/pages\/838\/revisions"}],"predecessor-version":[{"id":965,"href":"https:\/\/interceptproject.eu\/mt\/wp-json\/wp\/v2\/pages\/838\/revisions\/965"}],"wp:attachment":[{"href":"https:\/\/interceptproject.eu\/mt\/wp-json\/wp\/v2\/media?parent=838"}],"curies":[{"name":"wp","href":"https:\/\/api.w.org\/{rel}","templated":true}]}}