{"id":840,"date":"2022-03-08T17:54:33","date_gmt":"2022-03-08T16:54:33","guid":{"rendered":"https:\/\/interceptproject.eu\/progett\/"},"modified":"2022-06-22T11:26:01","modified_gmt":"2022-06-22T09:26:01","slug":"progett","status":"publish","type":"page","link":"https:\/\/interceptproject.eu\/mt\/progett\/","title":{"rendered":"Pro\u0121ett"},"content":{"rendered":"\n<h2>\n\t\tPro\u0121ett\n\t<\/h2>\n\t<p><b>INTERCEPT g\u0127andu l-g\u0127an li jo\u0127ro\u0121 il-potenzjal ta\u017c-\u017cg\u0127a\u017cag\u0127 fis-settur ekolo\u0121iku.<\/b><\/p>\n\t<p>Il-pro\u0121ett qed iwettaq <strong>ri\u010berka dwar NEETS (persuni Barra mill-Edukazzjoni, mill-Impjieg jew mit-Ta\u0127ri\u0121) u dwar kumpaniji ekolo\u0121i\u010bi,<\/strong> filwaqt li qed jidentifika l-\u0127ti\u0121ijiet u l-opportunitajiet f&#8217;dan il-qasam: se jag\u0127\u017cel <strong>300 NEET ta&#8217; bejn il-25 u d-29 sena<\/strong> fl-Italja, f&#8217;Malta u fil-Litwanja, li se ji\u0121u m\u0127arr\u0121a   <strong>u rre\u0121istrati f&#8217;internships im\u0127allsa ta&#8217; tliet xhur f&#8217;negozji ekolo\u0121i\u010bi.<\/strong> Din hija esperjenza pilota u, g\u0127alhekk, l-effettivit\u00e0 tag\u0127ha se ti\u0121i ttestjata u evalwata lokalment. Fi tmiem il-pro\u0121ett, l-informazzjoni kollha mi\u0121bura fit-tliet piloti lokali se tintu\u017ca biex ji\u0121u \u017cviluppati rakkomandazzjonijiet ta&#8217; politika g\u0127all-Istituzzjonijiet Ewropej. <\/p>\n\t\t\t\t<img decoding=\"async\" loading=\"lazy\" src=\"https:\/\/interceptproject.eu\/wp-content\/uploads\/2022\/03\/adrien-king-XzBluXxBoyQ-unsplash-1229x1536.jpg\" alt=\"adrien-king-XzBluXxBoyQ-unsplash\" itemprop=\"image\" height=\"1500\" width=\"1200\" title=\"adrien-king-XzBluXxBoyQ-unsplash\" onerror=\"this.style.display='none'\"  \/>\n\t\t\t\t<img decoding=\"async\" loading=\"lazy\" src=\"https:\/\/interceptproject.eu\/wp-content\/uploads\/2022\/04\/melissa-askew-tSlvoSZK77c-unsplash-1920x1440-1-1536x1152.jpg\" alt=\"melissa-askew-tSlvoSZK77c-unsplash-1920x1440\" itemprop=\"image\" height=\"900\" width=\"1200\" title=\"melissa-askew-tSlvoSZK77c-unsplash-1920x1440\" onerror=\"this.style.display='none'\"  \/>\n\t<p><b>Il-kuntest tal-pro\u0121ett INTERCEPT<\/b><\/p>\n\t<p>Bla dubju, il-\u0121enerazzjoni \u017cag\u0127\u017cug\u0127a tal-lum se tkun l-aktar affettwata mit-tibdil <strong>fil-klima globali<\/strong>. F&#8217;dan il-kuntest, l-u\u017cu ta&#8217; investimenti <strong>f&#8217;ekonomija ekolo\u0121ika<\/strong> jista&#8217; jg\u0127in biex ji\u0121i assigurat futur \u0121ust u ekwu li jtejjeb il-\u0127ajja tan-nies permezz tal-avvanz tal-benesseri ambjentali u so\u010bjali. Sabiex ji\u0121i assigurat li tali trasformazzjoni <strong>tkun inklu\u017civa u sostenibbli<\/strong>, il-politika g\u0127andha to\u0127loq soluzzjonijiet li j\u017cidu wkoll il-parte\u010bipazzjoni ta&#8217; gruppi vulnerabbli, b\u0127a\u017c-\u017cg\u0127a\u017cag\u0127 li huma Barra mill-Edukazzjoni, Impjieg jew Ta\u0127ri\u0121 (NEETs). Is-sapport lejn <strong>NEETs<\/strong> sabiex jakkwistaw <strong>il-\u0127iliet u l-esperjenza<\/strong> tax-xog\u0127ol ne\u010bessarji biex jiksbu <strong>impjiegi fis-settur ekolo\u0121iku<\/strong> huwa investiment bi d\u0127ul potenzjali g\u0127oli u b&#8217;g\u0127odda promettenti g\u0127all-inklu\u017cjoni so\u010bjali.<\/p>\n<h3>\n\t\tLil min<br \/>irridu nil\u0127qu?\n\t<\/h3>\n\t\t<h4><a href=\"https:\/\/interceptproject.eu\/mt\/opportunitajiet-ghal-zghazagh-li-qed-ifittxu-xoghol\/\" target=\"_self\" rel=\"noopener\">\t\n\t\u017bg\u0127a\u017cag\u0127 li qed ifittxu xog\u0127ol<\/a><\/h4>\t\t\n\t\t\t<p>Jekk int \u017cag\u0127\u017cug\u0127 ta&#8217; bejn il-25 u d-29 sena li qed tfittex xog\u0127ol u li int interessat li tibni karriera li t\u0127alli impatt po\u017cittiv fuq l-ambjent, INTERCEPT joffrilek opportunit\u00e0 imprezzabbli.<\/p>\n<a href=\"https:\/\/interceptproject.eu\/mt\/opportunitajiet-ghal-zghazagh-li-qed-ifittxu-xoghol\/\" target=\"_self\" rel=\"noopener\">Skopri aktar<\/a>\t\t\n\t\t<h4><a href=\"https:\/\/interceptproject.eu\/mt\/opportunitajiet-ghal-kumpaniji-ekologici\/\" target=\"_self\" rel=\"noopener\">\t\n\tKumpaniji ekolo\u0121i\u010bi<\/a><\/h4>\t\t\n\t\t\t<p>Jekk taqa&#8217; ta\u0127t il-kappa ta&#8217; kumpanija &#8216;ekolo\u0121ika&#8217;, INTERCEPT isib, i\u0127arre\u0121, i\u0127allas u jintrodu\u010bilek l-aktar kandidati xierqa g\u0127al opportunitajiet ta&#8217; internship!<\/p>\n<a href=\"https:\/\/interceptproject.eu\/mt\/opportunitajiet-ghal-kumpaniji-ekologici\/\" target=\"_self\" rel=\"noopener\">Skopri aktar<\/a>\t\t\n\n","protected":false},"excerpt":{"rendered":"<p>Pro\u0121ett INTERCEPT g\u0127andu l-g\u0127an li jo\u0127ro\u0121 il-potenzjal ta\u017c-\u017cg\u0127a\u017cag\u0127 fis-settur ekolo\u0121iku. Il-pro\u0121ett qed iwettaq ri\u010berka dwar NEETS (persuni Barra mill-Edukazzjoni, mill-Impjieg jew mit-Ta\u0127ri\u0121) u dwar kumpaniji ekolo\u0121i\u010bi, filwaqt li qed jidentifika l-\u0127ti\u0121ijiet u l-opportunitajiet f&#8217;dan il-qasam: se jag\u0127\u017cel 300 NEET ta&#8217; bejn il-25 u d-29 sena fl-Italja, f&#8217;Malta u fil-Litwanja, li se ji\u0121u m\u0127arr\u0121a u rre\u0121istrati [&hellip;]<\/p>\n","protected":false},"author":1,"featured_media":0,"parent":0,"menu_order":1,"comment_status":"closed","ping_status":"closed","template":"","meta":[],"_links":{"self":[{"href":"https:\/\/interceptproject.eu\/mt\/wp-json\/wp\/v2\/pages\/840"}],"collection":[{"href":"https:\/\/interceptproject.eu\/mt\/wp-json\/wp\/v2\/pages"}],"about":[{"href":"https:\/\/interceptproject.eu\/mt\/wp-json\/wp\/v2\/types\/page"}],"author":[{"embeddable":true,"href":"https:\/\/interceptproject.eu\/mt\/wp-json\/wp\/v2\/users\/1"}],"replies":[{"embeddable":true,"href":"https:\/\/interceptproject.eu\/mt\/wp-json\/wp\/v2\/comments?post=840"}],"version-history":[{"count":2,"href":"https:\/\/interceptproject.eu\/mt\/wp-json\/wp\/v2\/pages\/840\/revisions"}],"predecessor-version":[{"id":932,"href":"https:\/\/interceptproject.eu\/mt\/wp-json\/wp\/v2\/pages\/840\/revisions\/932"}],"wp:attachment":[{"href":"https:\/\/interceptproject.eu\/mt\/wp-json\/wp\/v2\/media?parent=840"}],"curies":[{"name":"wp","href":"https:\/\/api.w.org\/{rel}","templated":true}]}}