{"id":841,"date":"2022-04-27T16:53:32","date_gmt":"2022-04-27T14:53:32","guid":{"rendered":"https:\/\/interceptproject.eu\/opportunitajiet-ghal-zghazagh-li-qed-ifittxu-xoghol\/"},"modified":"2022-08-01T12:26:31","modified_gmt":"2022-08-01T10:26:31","slug":"opportunitajiet-ghal-zghazagh-li-qed-ifittxu-xoghol","status":"publish","type":"page","link":"https:\/\/interceptproject.eu\/mt\/opportunitajiet-ghal-zghazagh-li-qed-ifittxu-xoghol\/","title":{"rendered":"Opportunitajiet g\u0127al \u017cg\u0127a\u017cag\u0127 li qed ifittxu xog\u0127ol"},"content":{"rendered":"\n<h2>\n\t\tOpportunitajiet g\u0127al \u017cg\u0127a\u017cag\u0127 li qed ifittxu xog\u0127ol\n\t<\/h2>\n\t<p>Akkwista aktar informazzjoni dwar opportunitajiet ta&#8217; xog\u0127ol fi \u0127dan l-ekonomija ekolo\u0121ika.<\/p>\n\t<p>Jekk int \u017cag\u0127\u017cug\u0127 li qed tfittex xog\u0127ol u interessat tibni karriera li t\u0127alli impatt po\u017cittiv fuq l-ambjent, INTERCEPT joffrilek il-possibbilt\u00e0 li tipparte\u010bipa g\u0127al perjodu ta&#8217; ta\u0127ri\u0121 u g\u0127al internship biex tittestja l-aspirazzjonijiet tieg\u0127ek. B&#8217;mod partikolari, il-proposta tag\u0127na hija mmirata lejn NEETs \u017cg\u0127a\u017cag\u0127 (Barra mill-Edukazzjoni, mill-Impjieg jew mit-Ta\u0127ri\u0121) ta&#8217; bejn il-25 u d-29 sena. Il-perjodu ta&#8217; xog\u0127ol im\u0127allas ta&#8217; tliet xhur ma&#8217; kumpaniji lokali attivi fis-settur tal-ekonomija ekolo\u0121ika se jkun in\u010bentiv biex i\u017c\u017cid il-\u0127iliet tieg\u0127ek u to\u0127loq futur g\u0127al xog\u0127lok.  <\/p>\n\t<a href=\"https:\/\/it.interceptproject.eu\/\" target=\"_blank\" rel=\"noopener\">Ikklikkja hawn<br \/>\nbiex tapplika g\u0127all-Italja<\/a>\n\t\t\t\t<a href=\"https:\/\/it.interceptproject.eu\/\" target=\"_blank\" rel=\"noopener\" itemprop=\"url\">\n\t\t\t\t<img decoding=\"async\" loading=\"lazy\" src=\"https:\/\/interceptproject.eu\/wp-content\/uploads\/2022\/05\/INTERCEPT-IT_White.png\" alt=\"_INTERCEPT IT_White\" itemprop=\"image\" height=\"217\" width=\"822\" title=\"_INTERCEPT IT_White\" onerror=\"this.style.display='none'\"  \/>\n\t\t\t\t<\/a>\n\t<a href=\"https:\/\/mt.interceptproject.eu\/\" target=\"_blank\" rel=\"noopener\">Ikklikkja hawn<br \/>\nbiex tapplika g\u0127all Malta<\/a>\n\t\t\t\t<a href=\"https:\/\/mt.interceptproject.eu\/\" target=\"_blank\" rel=\"noopener\" itemprop=\"url\">\n\t\t\t\t<img decoding=\"async\" loading=\"lazy\" src=\"https:\/\/interceptproject.eu\/wp-content\/uploads\/2022\/05\/INTERCEPT-MT_White.png\" alt=\"_INTERCEPT MT_White\" itemprop=\"image\" height=\"217\" width=\"822\" title=\"_INTERCEPT MT_White\" onerror=\"this.style.display='none'\"  \/>\n\t\t\t\t<\/a>\n\t<a href=\"https:\/\/lt.interceptproject.eu\/\" target=\"_blank\" rel=\"noopener\">ikklikkja hawn<br \/>\nbiex tapplika g\u0127al-Litwanja<\/a>\n\t\t\t\t<a href=\"https:\/\/lt.interceptproject.eu\/\" target=\"_blank\" rel=\"noopener\" itemprop=\"url\">\n\t\t\t\t<img decoding=\"async\" loading=\"lazy\" src=\"https:\/\/interceptproject.eu\/wp-content\/uploads\/2022\/05\/INTERCEPT-LT_White.png\" alt=\"_INTERCEPT LT_White\" itemprop=\"image\" height=\"217\" width=\"822\" title=\"_INTERCEPT LT_White\" onerror=\"this.style.display='none'\"  \/>\n\t\t\t\t<\/a>\n\n","protected":false},"excerpt":{"rendered":"<p>Opportunitajiet g\u0127al \u017cg\u0127a\u017cag\u0127 li qed ifittxu xog\u0127ol Akkwista aktar informazzjoni dwar opportunitajiet ta&#8217; xog\u0127ol fi \u0127dan l-ekonomija ekolo\u0121ika. Jekk int \u017cag\u0127\u017cug\u0127 li qed tfittex xog\u0127ol u interessat tibni karriera li t\u0127alli impatt po\u017cittiv fuq l-ambjent, INTERCEPT joffrilek il-possibbilt\u00e0 li tipparte\u010bipa g\u0127al perjodu ta&#8217; ta\u0127ri\u0121 u g\u0127al internship biex tittestja l-aspirazzjonijiet tieg\u0127ek. B&#8217;mod partikolari, il-proposta tag\u0127na [&hellip;]<\/p>\n","protected":false},"author":1,"featured_media":0,"parent":0,"menu_order":0,"comment_status":"closed","ping_status":"closed","template":"","meta":[],"_links":{"self":[{"href":"https:\/\/interceptproject.eu\/mt\/wp-json\/wp\/v2\/pages\/841"}],"collection":[{"href":"https:\/\/interceptproject.eu\/mt\/wp-json\/wp\/v2\/pages"}],"about":[{"href":"https:\/\/interceptproject.eu\/mt\/wp-json\/wp\/v2\/types\/page"}],"author":[{"embeddable":true,"href":"https:\/\/interceptproject.eu\/mt\/wp-json\/wp\/v2\/users\/1"}],"replies":[{"embeddable":true,"href":"https:\/\/interceptproject.eu\/mt\/wp-json\/wp\/v2\/comments?post=841"}],"version-history":[{"count":6,"href":"https:\/\/interceptproject.eu\/mt\/wp-json\/wp\/v2\/pages\/841\/revisions"}],"predecessor-version":[{"id":990,"href":"https:\/\/interceptproject.eu\/mt\/wp-json\/wp\/v2\/pages\/841\/revisions\/990"}],"wp:attachment":[{"href":"https:\/\/interceptproject.eu\/mt\/wp-json\/wp\/v2\/media?parent=841"}],"curies":[{"name":"wp","href":"https:\/\/api.w.org\/{rel}","templated":true}]}}