{"id":842,"date":"2022-04-27T16:53:46","date_gmt":"2022-04-27T14:53:46","guid":{"rendered":"https:\/\/interceptproject.eu\/opportunitajiet-ghal-kumpaniji-ekologici\/"},"modified":"2022-04-27T16:53:46","modified_gmt":"2022-04-27T14:53:46","slug":"opportunitajiet-ghal-kumpaniji-ekologici","status":"publish","type":"page","link":"https:\/\/interceptproject.eu\/mt\/opportunitajiet-ghal-kumpaniji-ekologici\/","title":{"rendered":"Opportunitajiet g\u0127al kumpaniji ekolo\u0121i\u010bi"},"content":{"rendered":"","protected":false},"excerpt":{"rendered":"","protected":false},"author":1,"featured_media":0,"parent":0,"menu_order":0,"comment_status":"closed","ping_status":"closed","template":"","meta":[],"_links":{"self":[{"href":"https:\/\/interceptproject.eu\/mt\/wp-json\/wp\/v2\/pages\/842"}],"collection":[{"href":"https:\/\/interceptproject.eu\/mt\/wp-json\/wp\/v2\/pages"}],"about":[{"href":"https:\/\/interceptproject.eu\/mt\/wp-json\/wp\/v2\/types\/page"}],"author":[{"embeddable":true,"href":"https:\/\/interceptproject.eu\/mt\/wp-json\/wp\/v2\/users\/1"}],"replies":[{"embeddable":true,"href":"https:\/\/interceptproject.eu\/mt\/wp-json\/wp\/v2\/comments?post=842"}],"version-history":[{"count":0,"href":"https:\/\/interceptproject.eu\/mt\/wp-json\/wp\/v2\/pages\/842\/revisions"}],"wp:attachment":[{"href":"https:\/\/interceptproject.eu\/mt\/wp-json\/wp\/v2\/media?parent=842"}],"curies":[{"name":"wp","href":"https:\/\/api.w.org\/{rel}","templated":true}]}}