{"id":844,"date":"2022-03-08T17:55:01","date_gmt":"2022-03-08T16:55:01","guid":{"rendered":"https:\/\/interceptproject.eu\/shubija\/"},"modified":"2022-06-29T11:50:23","modified_gmt":"2022-06-29T09:50:23","slug":"shubija","status":"publish","type":"page","link":"https:\/\/interceptproject.eu\/mt\/shubija\/","title":{"rendered":"S\u0127ubija"},"content":{"rendered":"\n<h2>\n\t\tS\u0127ubija\n\t<\/h2>\n\t<p><strong>Pre\u017centazzjoni tal-grupp ta&#8217; \u0127idma ta&#8217; INTERCEPT.<\/strong><\/p>\n\t<p><b>Il-Litwanja, Malta, l-Italja, il-Polonja, is-Slovakkja u l-Lussemburgu huma s-6 pajji\u017ci Ewropej li jori\u0121inaw mid-9 organizzazzjonijiet li qed jikkollaboraw mal-pro\u0121ett Intercept.<\/b><\/p>\n<ul>\n<li aria-level=\"1\">Minn Malta, <b>il-Jobsplus<\/b> huwa s-sie\u0127eb ewlieni li se jikkoordina l-pro\u0121ett kollu.<\/li>\n<li aria-level=\"1\"><b>Analitika Vi\u017cjonarja<\/b> mil-Litwanja, <b>CASE &#8211; \u010aentru g\u0127ar-Ri\u010berka So\u010bjali u Ekonomika<\/b> mill-Polonja <b>u l-Istitut tar-Ri\u010berka Ekonomika &#8211; l-Akkademja Slovakka<\/b> tax-Xjenzi se tkun qed tie\u0127u \u0127sieb l-aspetti tar-ri\u010berka tal-pro\u0121ett;<\/li>\n<li aria-level=\"1\">Ir-Re\u0121jun <b>tat-Toskana<\/b>, <b>l-Anci Toscana<\/b> u<b>\u010b-\u010aentru tal-Universit\u00e0 ta&#8217; Grosseto fl-Italja<\/b> se jiffukaw fuq il-komunikazzjonijiet, is-sensibilizzazzjoni u l-i\u017cvilupp tat-ta\u0127ri\u0121;<\/li>\n<li aria-level=\"1\"><b>Anci Toscana<\/b>, flimkien <b>mal-Jobsplus<\/b> u<b>s-Servizz Pubbliku tal-Impjiegi Litwan<\/b>, se jmexxi t-ta\u0127ri\u0121 innovattiv fil-\u0127iliet ekolo\u0121i\u010bi li se jinvolvi 300 NEET fit-tliet pajji\u017ci (il-Litwanja, Malta u l-Italja);<\/li>\n<li aria-level=\"1\">B\u0127ala s-sie\u0127eb espert tal-pro\u0121ett, <b>l-ADEM<\/b>, <b>l-A\u0121enzija Nazzjonali tal-Impjiegi tal-Lussemburgu<\/b>, se taqsam g\u0127arfien dwar il-mekkani\u017cmi tas-suq tax-xog\u0127ol u se tkun ta&#8217; gwida g\u0127al \u017cg\u0127a\u017cag\u0127 li qed ifittxu impjieg.<\/li>\n<\/ul>\n\t\t\t\t<img decoding=\"async\" loading=\"lazy\" src=\"https:\/\/interceptproject.eu\/wp-content\/uploads\/2022\/03\/priscilla-du-preez-cIfLUEZYLVg-unsplash-1024x683.jpg\" alt=\"priscilla-du-preez-cIfLUEZYLVg-unsplash\" itemprop=\"image\" height=\"683\" width=\"1024\" title=\"priscilla-du-preez-cIfLUEZYLVg-unsplash\" onerror=\"this.style.display='none'\"  \/>\n\t\t\t\t<a href=\"https:\/\/jobsplus.gov.mt\/\" target=\"_blank\" rel=\"noopener\" itemprop=\"url\">\n\t\t\t\t<img decoding=\"async\" loading=\"lazy\" src=\"https:\/\/interceptproject.eu\/wp-content\/uploads\/2022\/04\/jobplus_logo_2.png\" alt=\"jobplus_logo_2\" itemprop=\"image\" height=\"250\" width=\"400\" title=\"jobplus_logo_2\" onerror=\"this.style.display='none'\"  \/>\n\t\t\t\t<\/a>\n<h3><a href=\"https:\/\/jobsplus.gov.mt\/\" target=\"_blank\" rel=\"noopener\">Jobs Plus<\/a><\/h3>\t\t\n\t\t\t<p>Imwieled f&#8217;fa\u017ci rigoru\u017ca ta&#8217; ti\u0121did, Jobsplus huwa ffukat fuq vi\u017cjoni ddedikata u fuq missjoni spe\u010bjalizzata mfassla biex tissodisfa l-\u0127ti\u0121ijiet u t\u0127e\u0121\u0121e\u0121 is-su\u010b\u010bess tas-settur lokali tal-impjiegi u t-ta\u0127ri\u0121 tal-lum.<\/p>\n<a href=\"https:\/\/jobsplus.gov.mt\/\" rel=\"noopener\" target=\"_blank\">Skopri aktar<\/a>\t\t\n\t\t\t\t<a href=\"http:\/\/www.ekonom.sav.sk\/\" target=\"_blank\" rel=\"noopener\" itemprop=\"url\">\n\t\t\t\t<img decoding=\"async\" loading=\"lazy\" src=\"https:\/\/interceptproject.eu\/wp-content\/uploads\/2022\/03\/logo_lrg3.png.png\" alt=\"logo_lrg3.png\" itemprop=\"image\" height=\"250\" width=\"400\" title=\"logo_lrg3.png\" onerror=\"this.style.display='none'\"  \/>\n\t\t\t\t<\/a>\n<h3><a href=\"http:\/\/www.ekonom.sav.sk\/\" target=\"_blank\" rel=\"noopener\">Ekonomicky ustav SAV<\/a><\/h3>\t\t\n\t\t\t<p>L-Istitut tar-Ri\u010berka Ekonomika tal-Akkademja Slovakka tax-Xjenzi ilu jiffoka l-attivitajiet ta&#8217; ri\u010berka tieg\u0127u fil-qasam tal-globalizzazzjoni u l-pro\u010bessi ta&#8217; adattament fil-kuntest Ewropew mill-1953.<\/p>\n<a href=\"http:\/\/www.ekonom.sav.sk\/\" rel=\"noopener\" target=\"_blank\">Skopri aktar<\/a>\t\t\n\t\t\t\t<a href=\"https:\/\/uzt.lt\/en\" target=\"_blank\" rel=\"noopener\" itemprop=\"url\">\n\t\t\t\t<img decoding=\"async\" loading=\"lazy\" src=\"https:\/\/interceptproject.eu\/wp-content\/uploads\/2022\/03\/white-logo.png.png\" alt=\"white-logo.png\" itemprop=\"image\" height=\"250\" width=\"400\" title=\"white-logo.png\" onerror=\"this.style.display='none'\"  \/>\n\t\t\t\t<\/a>\n<h3><a href=\"https:\/\/uzt.lt\/en\" target=\"_blank\" rel=\"noopener\">Employment Service<\/a><\/h3>\t\t\n\t\t\t<p>Is-Servizz Pubbliku Litwan tal-Impjiegi huwa a\u0121enzija tal-gvern organizzata ta\u0127t il-Ministeru tas-Sigurt\u00e0 So\u010bjali u x-Xog\u0127ol, prin\u010bipalment responsabbli g\u0127as-servizz pubbliku tal-impjiegi u g\u0127all-implimentazzjoni tal-politiki tas-suq tax-xog\u0127ol.<\/p>\n<a href=\"https:\/\/uzt.lt\/en\" rel=\"noopener\" target=\"_blank\">Skopri aktar<\/a>\t\t\n\t\t\t\t<a href=\"https:\/\/ancitoscana.it\/\" target=\"_blank\" rel=\"noopener\" itemprop=\"url\">\n\t\t\t\t<img decoding=\"async\" loading=\"lazy\" src=\"https:\/\/interceptproject.eu\/wp-content\/uploads\/2022\/03\/yGn45J_e_400x400.jpg.png\" alt=\"yGn45J_e_400x400.jpg\" itemprop=\"image\" height=\"250\" width=\"400\" title=\"yGn45J_e_400x400.jpg\" onerror=\"this.style.display='none'\"  \/>\n\t\t\t\t<\/a>\n<h3><a href=\"https:\/\/ancitoscana.it\/\" target=\"_blank\" rel=\"noopener\">Anci Toscana<\/a><\/h3>\t\t\n\t\t\t<p>Anci hija asso\u010bjazzjoni re\u0121jonali li l-g\u0127an tag\u0127ha huwa li ssa\u0127\u0127a\u0127 u tikkonsolida l-awtonomija istituzzjonali, regolatorja, finanzjarja u organizzattiva tat-territorji tat-Toskana. Anci sservi lill-muni\u010bipalitajiet tat-Toskana billi tissapportjahom u tg\u0127inhom jo\u0127olqu networks f&#8217;kull settur. <\/p>\n<a href=\"https:\/\/ancitoscana.it\/\" rel=\"noopener\" target=\"_blank\">Skopri aktar<\/a>\t\t\n\t\t\t\t<a href=\"https:\/\/www.regione.toscana.it\/\" target=\"_blank\" rel=\"noopener\" itemprop=\"url\">\n\t\t\t\t<img decoding=\"async\" loading=\"lazy\" src=\"https:\/\/interceptproject.eu\/wp-content\/uploads\/2022\/03\/layout_set_logo-2.png.png\" alt=\"layout_set_logo-2.png\" itemprop=\"image\" height=\"250\" width=\"400\" title=\"layout_set_logo-2.png\" onerror=\"this.style.display='none'\"  \/>\n\t\t\t\t<\/a>\n<h3><a href=\"https:\/\/www.regione.toscana.it\/\" target=\"_blank\" rel=\"noopener\">Regione Toscana<\/a><\/h3>\t\t\n\t\t\t<p>Ir-Regione Toscana huwa l-korp re\u0121jonali li jamministra t-territorju u l-muni\u010bipalitajiet tat-Toskana u li l-funzjonijiet u s-setg\u0127at tieg\u0127u huma skont il-prin\u010bipji stabbiliti mill-Kostituzzjoni Taljana.<\/p>\n<a href=\"https:\/\/www.regione.toscana.it\/\" rel=\"noopener\" target=\"_blank\">Skopri aktar<\/a>\t\t\n\t\t\t\t<a href=\"https:\/\/polouniversitariogrosseto.it\/\" target=\"_blank\" rel=\"noopener\" itemprop=\"url\">\n\t\t\t\t<img decoding=\"async\" loading=\"lazy\" src=\"https:\/\/interceptproject.eu\/wp-content\/uploads\/2022\/03\/Polo-universitario-grossetano-logo.png.png\" alt=\"Polo-universitario-grossetano-logo.png\" itemprop=\"image\" height=\"250\" width=\"400\" title=\"Polo-universitario-grossetano-logo.png\" onerror=\"this.style.display='none'\"  \/>\n\t\t\t\t<\/a>\n<h3><a href=\"https:\/\/polouniversitariogrosseto.it\/\" target=\"_blank\" rel=\"noopener\">Fondazione Polo Universitario Grossetano<\/a><\/h3>\t\t\n\t\t\t<p>Mit-twaqqif tieg\u0127u fl-1998,il-Polo Universitario Grossetano \u0121ie appo\u0121\u0121jat mill-istituzzjonijiet pubbli\u010bi lokali ewlenin, l-asso\u010bjazzjonijiet kummer\u010bjali l-aktar rappre\u017centattivi u firxa wiesg\u0127a ta&#8217; asso\u010bjazzjonijiet u individwi privati.<\/p>\n<a href=\"https:\/\/polouniversitariogrosseto.it\/\" rel=\"noopener\" target=\"_blank\">Skopri aktar<\/a>\t\t\n\t\t\t\t<a href=\"https:\/\/www.visionary.lt\/\" target=\"_blank\" rel=\"noopener\" itemprop=\"url\">\n\t\t\t\t<img decoding=\"async\" loading=\"lazy\" src=\"https:\/\/interceptproject.eu\/wp-content\/uploads\/2022\/03\/logo-1.svg-1.png\" alt=\"logo (1).svg\" itemprop=\"image\" height=\"250\" width=\"400\" title=\"logo (1).svg\" onerror=\"this.style.display='none'\"  \/>\n\t\t\t\t<\/a>\n<h3><a href=\"https:\/\/www.visionary.lt\/\" target=\"_blank\" rel=\"noopener\">Visionary Analytics<\/a><\/h3>\t\t\n\t\t\t<p>Kumpanija konsultattiva bba\u017cata fuq ir-ri\u010berka li tipprovdi servizzi ta&#8217; ri\u010berka, evalwazzjoni u servizzi ta&#8217; konsulenza o\u0127ra g\u0127all-istituzzjonijiet tal-Unjoni Ewropea, organizzazzjonijiet internazzjonali u gvernijiet nazzjonali.<\/p>\n<a href=\"https:\/\/www.visionary.lt\/\" rel=\"noopener\" target=\"_blank\">Skopri aktar<\/a>\t\t\n\t\t\t\t<a href=\"http:\/\/case-research.eu\/en\" target=\"_blank\" rel=\"noopener\" itemprop=\"url\">\n\t\t\t\t<img decoding=\"async\" loading=\"lazy\" src=\"https:\/\/interceptproject.eu\/wp-content\/uploads\/2022\/06\/case_logotyp-2.jpg\" alt=\"case_logotyp-2\" itemprop=\"image\" height=\"250\" width=\"400\" title=\"case_logotyp-2\" onerror=\"this.style.display='none'\"  \/>\n\t\t\t\t<\/a>\n<h3><a href=\"http:\/\/case-research.eu\/en\" target=\"_blank\" rel=\"noopener\">CASE<\/a><\/h3>\t\t\n\t\t\t<p>I\u010b-\u010aentru g\u0127ar-Ri\u010berka So\u010bjali u Ekonomika huwa istitut ta&#8217; ri\u010berka indipendenti u ming\u0127ajr skop ta&#8217; qlig\u0127 imsejjes fuq l-idea li t-tfassil ta&#8217; politika bba\u017cata fuq ir-ri\u010berka huwa vitali g\u0127all-benesseri ekonomiku tas-so\u010bjetajiet. Stabbilit f&#8217;Varsavja fl-1991, CASE llum huwa rikonoxxut b\u0127ala l-aqwa grupp ta&#8217; riflessjoni fl-Ewropa \u010aentrali u tal-Lvant u huwa wie\u0127ed mill-aktar gruppi ta&#8217; riflessjoni rispettati internazzjonalment.<\/p>\n<a href=\"http:\/\/case-research.eu\/en\" rel=\"noopener\" target=\"_blank\">Skopri aktar<\/a>\t\t\n\t\t\t\t<a href=\"https:\/\/adem.public.lu\/en.html\" target=\"_blank\" rel=\"noopener\" itemprop=\"url\">\n\t\t\t\t<img decoding=\"async\" loading=\"lazy\" src=\"https:\/\/interceptproject.eu\/wp-content\/uploads\/2022\/03\/20190418_adem-logo-600-450.jpg.png\" alt=\"20190418_adem-logo-600-450.jpg\" itemprop=\"image\" height=\"250\" width=\"400\" title=\"20190418_adem-logo-600-450.jpg\" onerror=\"this.style.display='none'\"  \/>\n\t\t\t\t<\/a>\n<h3><a href=\"https:\/\/adem.public.lu\/en.html\" target=\"_blank\" rel=\"noopener\">Adem<\/a><\/h3>\t\t\n\t\t\t<p>ADEM, l-a\u0121enzija nazzjonali tal-impjiegi, hija l-ewwel punt ta&#8217; kuntatt g\u0127al dawk li qed ifittxu xog\u0127ol u g\u0127all-impjegaturi fil-Lussemburgu. Imqieg\u0127ed ta\u0127t l-awtorit\u00e0 tal-Ministeru tax-Xog\u0127ol, l-Impjiegi u l-Ekonomija So\u010bjali u ta&#8217; Solidarjet\u00e0, l-irwol primarju tal-ADEM huwa li jqabbel l-offerti u d-domandi fis-suq tax-xog\u0127ol. <\/p>\n<a href=\"https:\/\/adem.public.lu\/en.html\" rel=\"noopener\" target=\"_blank\">Skopri aktar<\/a>\t\t\n\n","protected":false},"excerpt":{"rendered":"<p>S\u0127ubija Pre\u017centazzjoni tal-grupp ta&#8217; \u0127idma ta&#8217; INTERCEPT. Il-Litwanja, Malta, l-Italja, il-Polonja, is-Slovakkja u l-Lussemburgu huma s-6 pajji\u017ci Ewropej li jori\u0121inaw mid-9 organizzazzjonijiet li qed jikkollaboraw mal-pro\u0121ett Intercept. Minn Malta, il-Jobsplus huwa s-sie\u0127eb ewlieni li se jikkoordina l-pro\u0121ett kollu. Analitika Vi\u017cjonarja mil-Litwanja, CASE &#8211; \u010aentru g\u0127ar-Ri\u010berka So\u010bjali u Ekonomika mill-Polonja u l-Istitut tar-Ri\u010berka Ekonomika &#8211; l-Akkademja [&hellip;]<\/p>\n","protected":false},"author":1,"featured_media":0,"parent":0,"menu_order":2,"comment_status":"closed","ping_status":"closed","template":"","meta":[],"_links":{"self":[{"href":"https:\/\/interceptproject.eu\/mt\/wp-json\/wp\/v2\/pages\/844"}],"collection":[{"href":"https:\/\/interceptproject.eu\/mt\/wp-json\/wp\/v2\/pages"}],"about":[{"href":"https:\/\/interceptproject.eu\/mt\/wp-json\/wp\/v2\/types\/page"}],"author":[{"embeddable":true,"href":"https:\/\/interceptproject.eu\/mt\/wp-json\/wp\/v2\/users\/1"}],"replies":[{"embeddable":true,"href":"https:\/\/interceptproject.eu\/mt\/wp-json\/wp\/v2\/comments?post=844"}],"version-history":[{"count":2,"href":"https:\/\/interceptproject.eu\/mt\/wp-json\/wp\/v2\/pages\/844\/revisions"}],"predecessor-version":[{"id":964,"href":"https:\/\/interceptproject.eu\/mt\/wp-json\/wp\/v2\/pages\/844\/revisions\/964"}],"wp:attachment":[{"href":"https:\/\/interceptproject.eu\/mt\/wp-json\/wp\/v2\/media?parent=844"}],"curies":[{"name":"wp","href":"https:\/\/api.w.org\/{rel}","templated":true}]}}