{"id":847,"date":"2022-03-08T17:54:46","date_gmt":"2022-03-08T16:54:46","guid":{"rendered":"https:\/\/interceptproject.eu\/ghotjiet\/"},"modified":"2022-06-20T11:05:07","modified_gmt":"2022-06-20T09:05:07","slug":"ghotjiet","status":"publish","type":"page","link":"https:\/\/interceptproject.eu\/mt\/ghotjiet\/","title":{"rendered":"G\u0127otjiet"},"content":{"rendered":"\n<h2>\n\t\tG\u0127otjiet\n\t<\/h2>\n\t<p>Na\u0127dmu flimkien g\u0127al Ewropa ekolo\u0121ika<\/p>\n\t<p><a href=\"https:\/\/eeagrants.org\/\" target=\"_blank\" rel=\"noopener\"><strong>L-G\u0127otjiet ta\u017c-\u017bEE u tan-Norve\u0121ja<\/strong><\/a> jirrappre\u017centaw il-kontribuzzjoni tal-I\u017clanda, il-Liechtenstein u n-Norve\u0121ja lejn Ewropa ekolo\u0121ika, kompetittiva u inklu\u017civa. Hemm \u017cew\u0121 skopijiet \u0121enerali: li jitnaqqsu d-disparitajiet ekonomi\u010bi u so\u010bjali fl-Ewropa, u li jissa\u0127\u0127u r-relazzjonijiet bilaterali bejn il-pajji\u017ci donaturi u 15-il pajji\u017c tal-UE fl-Ewropa \u010aentrali u tan-Nofsinhar u l-Baltiku. It-tliet pajji\u017ci donaturi jikkooperaw mill-qrib mal-UE permezz tal-Ftehim dwar i\u017c-\u017bona Ekonomika Ewropea (\u017bEE). Id-donaturi pprovdew \u20ac3.3 biljun permezz ta&#8217; skemi ta&#8217; g\u0127otjiet konsekuttivi bejn l-1994 u l-2014. G\u0127all-perjodu 2014-2021, l-G\u0127otjiet ta\u017c-\u017bEE u tan-Norve\u0121ja jammontaw g\u0127al \u20ac2.8 biljun.<\/p>\n\t\t\t\t<img decoding=\"async\" loading=\"lazy\" src=\"https:\/\/interceptproject.eu\/wp-content\/uploads\/2022\/03\/karsten-wurth-0w-uTa0Xz7w-unsplash.jpg\" alt=\"karsten-wurth-0w-uTa0Xz7w-unsplash\" itemprop=\"image\" height=\"1280\" width=\"1920\" title=\"karsten-wurth-0w-uTa0Xz7w-unsplash\" onerror=\"this.style.display='none'\"  \/>\n\t\t\t\t<img decoding=\"async\" loading=\"lazy\" src=\"https:\/\/interceptproject.eu\/wp-content\/uploads\/2022\/03\/EEA-and-Norway-Grants-bag_0.jpg\" alt=\"EEA and Norway Grants bag_0\" itemprop=\"image\" height=\"395\" width=\"915\" title=\"EEA and Norway Grants bag_0\" onerror=\"this.style.display='none'\"  \/>\n\t<h2>Il-prijoritajiet g\u0127al dan il-perjodu huma:<\/h2>\n\t#1 Innovazzjoni, Ri\u010berka, Edukazzjoni u Kompetittivit\u00e0<br \/>\n#2 Inklu\u017cjoni So\u010bjali, Impjieg ta\u017c-\u017bg\u0127a\u017cag\u0127 u Tnaqqis tal-Faqar<br \/>\n#3 Ambjent, Ener\u0121ija, Tibdil fil-Klima u Ekonomija b&#8217;Livell Baxx ta&#8217; Emissjonijiet ta&#8217; Karbonju<br \/>\n#4 Il-Kultura, is-So\u010bjet\u00e0 \u010aivili, il-Governanza Tajba u d-Drittijiet Fundamentali<br \/>\n#5 \u0120ustizzja u Affarijiet Interni\n<p>L-eli\u0121ibbilt\u00e0 g\u0127all-G\u0127otjiet tirrifletti l-kriterji stabbiliti g\u0127all-Fond ta&#8217; Koe\u017cjoni tal-UE mmirat lejn pajji\u017ci membri fejn l-Introjtu Nazzjonali Gross (ING) g\u0127al kull abitant huwa inqas minn 90% tal-medja tal-UE. L-iskema tal-g\u0127otjiet ta\u017c-\u017bEE u tan-Norve\u0121ja tikkonsisti f&#8217;\u017cew\u0121 mekkani\u017cmi: l-G\u0127otjiet ta\u017c-\u017bEE u tan-Norve\u0121ja. L-G\u0127otjiet ta\u017c-\u017bEE huma ffinanzjati mill-I\u017clanda, mil-Liechtenstein u min-Norve\u0121ja, li l-kontribuzzjonijiet tag\u0127hom huma bba\u017cati fuq il-Prodott Gross Domestiku (PDG) tag\u0127hom. L-G\u0127otjiet tan-Norve\u0121ja huma ffinanzjati biss min-Norve\u0121ja.<\/p>\n\n","protected":false},"excerpt":{"rendered":"<p>G\u0127otjiet Na\u0127dmu flimkien g\u0127al Ewropa ekolo\u0121ika L-G\u0127otjiet ta\u017c-\u017bEE u tan-Norve\u0121ja jirrappre\u017centaw il-kontribuzzjoni tal-I\u017clanda, il-Liechtenstein u n-Norve\u0121ja lejn Ewropa ekolo\u0121ika, kompetittiva u inklu\u017civa. Hemm \u017cew\u0121 skopijiet \u0121enerali: li jitnaqqsu d-disparitajiet ekonomi\u010bi u so\u010bjali fl-Ewropa, u li jissa\u0127\u0127u r-relazzjonijiet bilaterali bejn il-pajji\u017ci donaturi u 15-il pajji\u017c tal-UE fl-Ewropa \u010aentrali u tan-Nofsinhar u l-Baltiku. It-tliet pajji\u017ci donaturi jikkooperaw [&hellip;]<\/p>\n","protected":false},"author":1,"featured_media":0,"parent":0,"menu_order":3,"comment_status":"closed","ping_status":"closed","template":"","meta":[],"_links":{"self":[{"href":"https:\/\/interceptproject.eu\/mt\/wp-json\/wp\/v2\/pages\/847"}],"collection":[{"href":"https:\/\/interceptproject.eu\/mt\/wp-json\/wp\/v2\/pages"}],"about":[{"href":"https:\/\/interceptproject.eu\/mt\/wp-json\/wp\/v2\/types\/page"}],"author":[{"embeddable":true,"href":"https:\/\/interceptproject.eu\/mt\/wp-json\/wp\/v2\/users\/1"}],"replies":[{"embeddable":true,"href":"https:\/\/interceptproject.eu\/mt\/wp-json\/wp\/v2\/comments?post=847"}],"version-history":[{"count":1,"href":"https:\/\/interceptproject.eu\/mt\/wp-json\/wp\/v2\/pages\/847\/revisions"}],"predecessor-version":[{"id":856,"href":"https:\/\/interceptproject.eu\/mt\/wp-json\/wp\/v2\/pages\/847\/revisions\/856"}],"wp:attachment":[{"href":"https:\/\/interceptproject.eu\/mt\/wp-json\/wp\/v2\/media?parent=847"}],"curies":[{"name":"wp","href":"https:\/\/api.w.org\/{rel}","templated":true}]}}